{"id":3619,"date":"2021-07-11T12:57:11","date_gmt":"2021-07-11T12:57:11","guid":{"rendered":"https:\/\/www.epass24.com\/appeal\/appeal-online\/"},"modified":"2025-06-02T14:43:35","modified_gmt":"2025-06-02T14:43:35","slug":"appeal-online","status":"publish","type":"page","link":"https:\/\/www.epass24.com\/da\/appeal\/appeal-online\/","title":{"rendered":"Appeal Online"},"content":{"rendered":"\t\t<div data-elementor-type=\"wp-page\" data-elementor-id=\"3619\" class=\"elementor elementor-3619 elementor-3565\">\n\t\t\t\t\t\t\t\t\t<section class=\"elementor-section elementor-top-section elementor-element elementor-element-68e50377 elementor-section-content-middle elementor-section-boxed elementor-section-height-default elementor-section-height-default\" data-id=\"68e50377\" data-element_type=\"section\" id=\"hero\" data-settings=\"{&quot;background_background&quot;:&quot;classic&quot;}\">\n\t\t\t\t\t\t<div class=\"elementor-container elementor-column-gap-default\">\n\t\t\t\t\t<div class=\"elementor-column elementor-col-100 elementor-top-column elementor-element elementor-element-26b419cd hero-wrapper\" data-id=\"26b419cd\" data-element_type=\"column\">\n\t\t\t<div class=\"elementor-widget-wrap elementor-element-populated\">\n\t\t\t\t\t\t\t\t<div class=\"elementor-element elementor-element-1f759e8b elementor-widget elementor-widget-heading\" data-id=\"1f759e8b\" data-element_type=\"widget\" data-widget_type=\"heading.default\">\n\t\t\t\t<div class=\"elementor-widget-container\">\n\t\t\t<h1 class=\"elementor-heading-title elementor-size-default\">Anmod om genoptagelse <br><small>af sagen hos Skatteverket eller Transportstyrelsen<\/small><\/h1>\t\t<\/div>\n\t\t\t\t<\/div>\n\t\t\t\t\t<\/div>\n\t\t<\/div>\n\t\t\t\t\t\t\t<\/div>\n\t\t<\/section>\n\t\t\t\t<section class=\"elementor-section elementor-top-section elementor-element elementor-element-d6b775d elementor-section-boxed elementor-section-height-default elementor-section-height-default\" data-id=\"d6b775d\" data-element_type=\"section\" data-settings=\"{&quot;background_background&quot;:&quot;classic&quot;}\">\n\t\t\t\t\t\t<div class=\"elementor-container elementor-column-gap-default\">\n\t\t\t\t\t<div class=\"elementor-column elementor-col-100 elementor-top-column elementor-element elementor-element-1877fe90\" data-id=\"1877fe90\" data-element_type=\"column\">\n\t\t\t<div class=\"elementor-widget-wrap elementor-element-populated\">\n\t\t\t\t\t\t\t\t<section class=\"elementor-section elementor-inner-section elementor-element elementor-element-6d057dd3 entry-content elementor-section-boxed elementor-section-height-default elementor-section-height-default\" data-id=\"6d057dd3\" data-element_type=\"section\" data-settings=\"{&quot;background_background&quot;:&quot;classic&quot;}\">\n\t\t\t\t\t\t<div class=\"elementor-container elementor-column-gap-default\">\n\t\t\t\t\t<div class=\"elementor-column elementor-col-100 elementor-inner-column elementor-element elementor-element-44469099\" data-id=\"44469099\" data-element_type=\"column\">\n\t\t\t<div class=\"elementor-widget-wrap elementor-element-populated\">\n\t\t\t\t\t\t\t\t<div class=\"elementor-element elementor-element-72253ba6 elementor-widget elementor-widget-text-editor\" data-id=\"72253ba6\" data-element_type=\"widget\" data-widget_type=\"text-editor.default\">\n\t\t\t\t<div class=\"elementor-widget-container\">\n\t\t\t\t\t\t\t<p>Hvis du mener, at du fejlagtigt har modtaget en afg\u00f8relse om tr\u00e6ngselsafgift eller infrastrukturafgift, har du ret til en genoptagelse af sagen. <\/p>\n\t\t\t\t\t\t<\/div>\n\t\t\t\t<\/div>\n\t\t\t\t<div class=\"elementor-element elementor-element-72baad28 elementor-widget elementor-widget-text-editor\" data-id=\"72baad28\" data-element_type=\"widget\" data-widget_type=\"text-editor.default\">\n\t\t\t\t<div class=\"elementor-widget-container\">\n\t\t\t\t\t\t\t<p>For tr\u00e6ngselsafgifter i Stockholm og G\u00f6teborg<\/p>\n<p><a class=\"styled-text\" href=\"https:\/\/transportstyrelsen.se\/en\/road\/road-tolls\/Congestion-taxes-in-Stockholm-and-Goteborg\/\" target=\"_blank\" rel=\"noopener\">Ofte stillede sp\u00f8rgsm\u00e5l (l\u00e6s her f\u00f8r du anmoder om en genoptagelse af sagen).<\/a><\/p>\n<p><a class=\"styled-text\" href=\"https:\/\/skatteverket.se\/servicelankar\/otherlanguages\/inenglishengelska\/individualsandemployees\/congestiontax\/requestareconsiderationofcongestiontaxoradditionalfee\" target=\"_blank\" rel=\"noopener\">Anmod om genoptagelse af afg\u00f8relse om tr\u00e6ngselsafgift direkte hos Skatteverket.<\/a><\/p>\n\t\t\t\t\t\t<\/div>\n\t\t\t\t<\/div>\n\t\t\t\t<div class=\"elementor-element elementor-element-47bbfd63 elementor-widget elementor-widget-text-editor\" data-id=\"47bbfd63\" data-element_type=\"widget\" data-widget_type=\"text-editor.default\">\n\t\t\t\t<div class=\"elementor-widget-container\">\n\t\t\t\t\t\t\t<p class=\"styled-text\">For infrastrukturafgifter (broafgifter) i Motala, Skuru og Sundsvall.<\/p>\n<p><a class=\"styled-text\" href=\"https:\/\/transportstyrelsen.se\/en\/road\/road-tolls\/Infrastructure-charges\/\" target=\"_blank\" rel=\"noopener\">Ofte stillede sp\u00f8rgsm\u00e5l (l\u00e6s her f\u00f8r du anmoder om en genoptagelse af sagen).<\/a><\/p>\n<p><a class=\"styled-text\" href=\"https:\/\/www.transportstyrelsen.se\/en\/road\/vehicles\/taxes-and-fees\/road-tolls\/infrastructure-charges\/appeal\/\" target=\"_blank\" rel=\"noopener\">Anmod om genoptagelse af afg\u00f8relse om infrastrukturafgift direkte hos Transportstyrelsen.<\/a><\/p>\n\t\t\t\t\t\t<\/div>\n\t\t\t\t<\/div>\n\t\t\t\t\t<\/div>\n\t\t<\/div>\n\t\t\t\t\t\t\t<\/div>\n\t\t<\/section>\n\t\t\t\t\t<\/div>\n\t\t<\/div>\n\t\t\t\t\t\t\t<\/div>\n\t\t<\/section>\n\t\t\t\t\t\t\t<\/div>\n\t\t","protected":false},"excerpt":{"rendered":"<p>Anmod om genoptagelse af sagen hos Skatteverket eller Transportstyrelsen Hvis du mener, at du fejlagtigt har modtaget en afg\u00f8relse om tr\u00e6ngselsafgift eller infrastrukturafgift, har du ret til en genoptagelse af sagen. For tr\u00e6ngselsafgifter i Stockholm og G\u00f6teborg Ofte stillede sp\u00f8rgsm\u00e5l (l\u00e6s her f\u00f8r du anmoder om en genoptagelse af sagen). Anmod om genoptagelse af afg\u00f8relse [&hellip;]<\/p>\n","protected":false},"author":4,"featured_media":0,"parent":3617,"menu_order":0,"comment_status":"closed","ping_status":"closed","template":"","meta":{"inline_featured_image":false},"acf":[],"_links":{"self":[{"href":"https:\/\/www.epass24.com\/da\/wp-json\/wp\/v2\/pages\/3619"}],"collection":[{"href":"https:\/\/www.epass24.com\/da\/wp-json\/wp\/v2\/pages"}],"about":[{"href":"https:\/\/www.epass24.com\/da\/wp-json\/wp\/v2\/types\/page"}],"author":[{"embeddable":true,"href":"https:\/\/www.epass24.com\/da\/wp-json\/wp\/v2\/users\/4"}],"replies":[{"embeddable":true,"href":"https:\/\/www.epass24.com\/da\/wp-json\/wp\/v2\/comments?post=3619"}],"version-history":[{"count":7,"href":"https:\/\/www.epass24.com\/da\/wp-json\/wp\/v2\/pages\/3619\/revisions"}],"predecessor-version":[{"id":7029,"href":"https:\/\/www.epass24.com\/da\/wp-json\/wp\/v2\/pages\/3619\/revisions\/7029"}],"up":[{"embeddable":true,"href":"https:\/\/www.epass24.com\/da\/wp-json\/wp\/v2\/pages\/3617"}],"wp:attachment":[{"href":"https:\/\/www.epass24.com\/da\/wp-json\/wp\/v2\/media?parent=3619"}],"curies":[{"name":"wp","href":"https:\/\/api.w.org\/{rel}","templated":true}]}}