{"id":2759,"date":"2021-04-29T09:27:37","date_gmt":"2021-04-29T09:27:37","guid":{"rendered":"http:\/\/epass24.uncleserj.com\/automatische-zahlung\/"},"modified":"2024-06-24T13:27:31","modified_gmt":"2024-06-24T13:27:31","slug":"automatische-zahlung","status":"publish","type":"page","link":"https:\/\/www.epass24.com\/de\/automatische-zahlung\/","title":{"rendered":"Automatische Zahlung"},"content":{"rendered":"\t\t<div data-elementor-type=\"wp-page\" data-elementor-id=\"2759\" class=\"elementor elementor-2759 elementor-491\">\n\t\t\t\t\t\t\t\t\t<section class=\"elementor-section elementor-top-section elementor-element elementor-element-e2902d8 elementor-section-content-middle elementor-section-boxed elementor-section-height-default elementor-section-height-default\" data-id=\"e2902d8\" data-element_type=\"section\" id=\"hero\" data-settings=\"{&quot;background_background&quot;:&quot;classic&quot;}\">\n\t\t\t\t\t\t<div class=\"elementor-container elementor-column-gap-default\">\n\t\t\t\t\t<div class=\"elementor-column elementor-col-100 elementor-top-column elementor-element elementor-element-6d569b3d hero-wrapper\" data-id=\"6d569b3d\" data-element_type=\"column\">\n\t\t\t<div class=\"elementor-widget-wrap elementor-element-populated\">\n\t\t\t\t\t\t\t\t<div class=\"elementor-element elementor-element-58295d1b elementor-widget elementor-widget-heading\" data-id=\"58295d1b\" data-element_type=\"widget\" data-widget_type=\"heading.default\">\n\t\t\t\t<div class=\"elementor-widget-container\">\n\t\t\t<h1 class=\"elementor-heading-title elementor-size-xl\">Bezahlen Sie Ihre Stra\u00dfenmautgeb\u00fchren mit Epass24<\/h1>\t\t<\/div>\n\t\t\t\t<\/div>\n\t\t\t\t\t<\/div>\n\t\t<\/div>\n\t\t\t\t\t\t\t<\/div>\n\t\t<\/section>\n\t\t\t\t<section class=\"elementor-section elementor-top-section elementor-element elementor-element-9c013ac elementor-section-content-middle elementor-section-boxed elementor-section-height-default elementor-section-height-default\" data-id=\"9c013ac\" data-element_type=\"section\" data-settings=\"{&quot;background_background&quot;:&quot;classic&quot;}\">\n\t\t\t\t\t\t<div class=\"elementor-container elementor-column-gap-default\">\n\t\t\t\t\t<div class=\"elementor-column elementor-col-100 elementor-top-column elementor-element elementor-element-529c879\" data-id=\"529c879\" data-element_type=\"column\">\n\t\t\t<div class=\"elementor-widget-wrap elementor-element-populated\">\n\t\t\t\t\t\t\t\t<section class=\"elementor-section elementor-inner-section elementor-element elementor-element-9953b1f entry-content elementor-section-content-middle elementor-section-boxed elementor-section-height-default elementor-section-height-default\" data-id=\"9953b1f\" data-element_type=\"section\" data-settings=\"{&quot;background_background&quot;:&quot;classic&quot;}\">\n\t\t\t\t\t\t<div class=\"elementor-container elementor-column-gap-default\">\n\t\t\t\t\t<div class=\"elementor-column elementor-col-50 elementor-inner-column elementor-element elementor-element-4cb041a\" data-id=\"4cb041a\" data-element_type=\"column\">\n\t\t\t<div class=\"elementor-widget-wrap elementor-element-populated\">\n\t\t\t\t\t\t\t\t<div class=\"elementor-element elementor-element-76a1e55 elementor-widget elementor-widget-heading\" data-id=\"76a1e55\" data-element_type=\"widget\" data-widget_type=\"heading.default\">\n\t\t\t\t<div class=\"elementor-widget-container\">\n\t\t\t<h2 class=\"elementor-heading-title elementor-size-default\">Stra\u00dfenbenutzungsgeb\u00fchren in Schweden &amp; Norwegen<\/h2>\t\t<\/div>\n\t\t\t\t<\/div>\n\t\t\t\t<div class=\"elementor-element elementor-element-5704159 elementor-widget elementor-widget-text-editor\" data-id=\"5704159\" data-element_type=\"widget\" data-widget_type=\"text-editor.default\">\n\t\t\t\t<div class=\"elementor-widget-container\">\n\t\t\t\t\t\t\t<p>In Schweden und Norwegen m\u00fcssen alle Fahrzeuge, einschlie\u00dflich der im Ausland zugelassenen Fahrzeuge, Mautgeb\u00fchren zahlen. Das System verwendet ANPR-Kameras (Automatic Number Plate Recognition), die eine reibungslose und vollautomatische Erkennung und Registrierung von Fahrzeugen erm\u00f6glichen, die die Mautstationen passieren.<\/p>\n<p>Epass24 wurde von allen Mautbetreibern in Schweden und Norwegen ausgew\u00e4hlt, um die einfache Zahlung von Mautgeb\u00fchren zu erm\u00f6glichen.<br \/><span style=\"color: var( --e-global-color-secondary );\"><br \/>Wenn Ihr Fahrzeug in Schweden zugelassen ist, k\u00f6nnen Sie Ihre norwegischen Mautgeb\u00fchren \u00fcber Ihr Epass24-Konto bezahlen. Wenn Ihr Fahrzeug in Norwegen zugelassen ist, k\u00f6nnen Sie Ihre schwedischen Mautgeb\u00fchren \u00fcber Ihr Epass24-Konto bezahlen. Besitzer aller anderen Fahrzeuge k\u00f6nnen ihre Mautgeb\u00fchren automatisch \u00fcber ein Epass24-Konto bezahlen.<\/span><\/p>\n<p>Mit dem Epass24-Konto k\u00f6nnen Sie \u00fcberpr\u00fcfen, ob Sie die korrekten Mautgeb\u00fchren zahlen und sicherstellen, dass diese p\u00fcnktlich bezahlt werden. Dies hilft Ihnen, zus\u00e4tzliche Geb\u00fchren f\u00fcr versp\u00e4tete Zahlungen zu vermeiden.<\/p>\n<p>Mehrere Fahrzeuge k\u00f6nnen auf einem Epass24-Konto registriert werden und die Mautgeb\u00fchren f\u00fcr alle Fahrzeuge k\u00f6nnen online eingesehen werden.<\/p>\n<p>Epass24-Konten sind kostenlos und Sie zahlen nur f\u00fcr Ihre Mautgeb\u00fchren.<\/p>\n\t\t\t\t\t\t<\/div>\n\t\t\t\t<\/div>\n\t\t\t\t<div class=\"elementor-element elementor-element-211076e elementor-widget elementor-widget-text-editor\" data-id=\"211076e\" data-element_type=\"widget\" data-widget_type=\"text-editor.default\">\n\t\t\t\t<div class=\"elementor-widget-container\">\n\t\t\t\t\t\t\t<p><a class=\"btn btn-primary\" href=\"https:\/\/account.epass24.com\/de\/create\/step1\" target=\"_blank\" rel=\"noopener\">Konto erstellen<\/a><\/p>\n\t\t\t\t\t\t<\/div>\n\t\t\t\t<\/div>\n\t\t\t\t\t<\/div>\n\t\t<\/div>\n\t\t\t\t<div class=\"elementor-column elementor-col-50 elementor-inner-column elementor-element elementor-element-af7b5bd\" data-id=\"af7b5bd\" data-element_type=\"column\" data-settings=\"{&quot;background_background&quot;:&quot;classic&quot;}\">\n\t\t\t<div class=\"elementor-widget-wrap elementor-element-populated\">\n\t\t\t\t\t\t\t\t<div class=\"elementor-element elementor-element-9001d68 elementor-widget elementor-widget-text-editor\" data-id=\"9001d68\" data-element_type=\"widget\" data-widget_type=\"text-editor.default\">\n\t\t\t\t<div class=\"elementor-widget-container\">\n\t\t\t\t\t\t\t<figure>\n<p><i>\u201dDie schwedische Regierung erhebt eine Versp\u00e4tungsgeb\u00fchr von 500SEK f\u00fcr jeden, der nicht fristgerecht zahlt. <\/i><\/p>\n<p><i> <\/i><\/p>\n<p><i>Die schwedische Regierung erhebt eine Versp\u00e4tungsgeb\u00fchr von 500SEK f\u00fcr jeden, der nicht fristgerecht zahlt.\u201d<\/i><\/p><figcaption class=\"blockquote-footer\">Maximilian Herrmann, Dusselsdorf<\/figcaption><\/figure>\n\t\t\t\t\t\t<\/div>\n\t\t\t\t<\/div>\n\t\t\t\t<div class=\"elementor-element elementor-element-1f186f6 elementor-widget elementor-widget-text-editor\" data-id=\"1f186f6\" data-element_type=\"widget\" data-widget_type=\"text-editor.default\">\n\t\t\t\t<div class=\"elementor-widget-container\">\n\t\t\t\t\t\t\t<figure>\n<p><i>\u201dIch war in einem tollen Urlaub in Norwegen und bin durch Schweden gefahren<br \/>&nbsp;<br \/>Auf der Reise habe ich mich bei Epass24 registriert und sowohl die schwedischen als auch die norwegischen Mautgeb\u00fchren wurden automatisch von meinem Guthaben abgebucht.<\/p>\n<p>Super reibungsloser Service ohne Anhalten an Mautstationen, wie wir es in Italien gewohnt sind.\u201d&#8221;&nbsp;<\/i><\/p><figcaption class=\"blockquote-footer\">Michaela Ponzio, Milano<\/figcaption><\/figure>\n\t\t\t\t\t\t<\/div>\n\t\t\t\t<\/div>\n\t\t\t\t\t<\/div>\n\t\t<\/div>\n\t\t\t\t\t\t\t<\/div>\n\t\t<\/section>\n\t\t\t\t\t<\/div>\n\t\t<\/div>\n\t\t\t\t\t\t\t<\/div>\n\t\t<\/section>\n\t\t\t\t<section class=\"elementor-section elementor-top-section elementor-element elementor-element-cecc4f2 has-padding elementor-section-content-middle elementor-section-boxed elementor-section-height-default elementor-section-height-default\" data-id=\"cecc4f2\" data-element_type=\"section\" data-settings=\"{&quot;background_background&quot;:&quot;classic&quot;}\">\n\t\t\t\t\t\t<div class=\"elementor-container elementor-column-gap-default\">\n\t\t\t\t\t<div class=\"elementor-column elementor-col-50 elementor-top-column elementor-element elementor-element-1ce27260 min-height border-top-left-radius\" data-id=\"1ce27260\" data-element_type=\"column\" data-settings=\"{&quot;background_background&quot;:&quot;classic&quot;}\">\n\t\t\t<div class=\"elementor-widget-wrap\">\n\t\t\t\t\t\t\t\t\t<\/div>\n\t\t<\/div>\n\t\t\t\t<div class=\"elementor-column elementor-col-50 elementor-top-column elementor-element elementor-element-2060727e border-top-right-radius\" data-id=\"2060727e\" data-element_type=\"column\" data-settings=\"{&quot;background_background&quot;:&quot;classic&quot;}\">\n\t\t\t<div class=\"elementor-widget-wrap elementor-element-populated\">\n\t\t\t\t\t\t\t\t<div class=\"elementor-element elementor-element-164788cb elementor-widget elementor-widget-heading\" data-id=\"164788cb\" data-element_type=\"widget\" data-widget_type=\"heading.default\">\n\t\t\t\t<div class=\"elementor-widget-container\">\n\t\t\t<h3 class=\"elementor-heading-title elementor-size-xl\">Mautgeb\u00fchren<\/h3>\t\t<\/div>\n\t\t\t\t<\/div>\n\t\t\t\t<div class=\"elementor-element elementor-element-6f624989 part elementor-widget elementor-widget-text-editor\" data-id=\"6f624989\" data-element_type=\"widget\" data-widget_type=\"text-editor.default\">\n\t\t\t\t<div class=\"elementor-widget-container\">\n\t\t\t\t\t\t\t<p>Mautgeb\u00fchren werden zur Verbesserung der Infrastruktur, der \u00f6ffentlichen Gesundheit und der Umwelt eingesetzt.<\/p>\n\t\t\t\t\t\t<\/div>\n\t\t\t\t<\/div>\n\t\t\t\t<div class=\"elementor-element elementor-element-410c1ab5 bottom elementor-widget elementor-widget-text-editor\" data-id=\"410c1ab5\" data-element_type=\"widget\" data-widget_type=\"text-editor.default\">\n\t\t\t\t<div class=\"elementor-widget-container\">\n\t\t\t\t\t\t\t<p><a class=\"btn btn-primary\" title=\"Mehr erfahren\" href=\"https:\/\/www.epass24.com\/de\/mautgebuehren\/\">Mehr erfahren<\/a><\/p>\n\t\t\t\t\t\t<\/div>\n\t\t\t\t<\/div>\n\t\t\t\t\t<\/div>\n\t\t<\/div>\n\t\t\t\t\t\t\t<\/div>\n\t\t<\/section>\n\t\t\t\t<section class=\"elementor-section elementor-top-section elementor-element elementor-element-5af6a7ea has-padding elementor-section-content-middle elementor-section-boxed elementor-section-height-default elementor-section-height-default\" data-id=\"5af6a7ea\" data-element_type=\"section\" data-settings=\"{&quot;background_background&quot;:&quot;classic&quot;}\">\n\t\t\t\t\t\t<div class=\"elementor-container elementor-column-gap-default\">\n\t\t\t\t\t<div class=\"elementor-column elementor-col-50 elementor-top-column elementor-element elementor-element-69a07202 border-bottom-left-radius\" data-id=\"69a07202\" data-element_type=\"column\" data-settings=\"{&quot;background_background&quot;:&quot;classic&quot;}\">\n\t\t\t<div class=\"elementor-widget-wrap elementor-element-populated\">\n\t\t\t\t\t\t\t\t<div class=\"elementor-element elementor-element-45c6c1ee elementor-widget elementor-widget-heading\" data-id=\"45c6c1ee\" data-element_type=\"widget\" data-widget_type=\"heading.default\">\n\t\t\t\t<div class=\"elementor-widget-container\">\n\t\t\t<h3 class=\"elementor-heading-title elementor-size-large\">Mautbetreiber<\/h3>\t\t<\/div>\n\t\t\t\t<\/div>\n\t\t\t\t<div class=\"elementor-element elementor-element-49136d06 part elementor-widget elementor-widget-text-editor\" data-id=\"49136d06\" data-element_type=\"widget\" data-widget_type=\"text-editor.default\">\n\t\t\t\t<div class=\"elementor-widget-container\">\n\t\t\t\t\t\t\t<p>Mautgeb\u00fchren sind in den meisten europ\u00e4ischen L\u00e4ndern eingef\u00fchrt worden und werden von nationalen Mautbetreibern verwaltet.\u00a0<\/p>\n\t\t\t\t\t\t<\/div>\n\t\t\t\t<\/div>\n\t\t\t\t<div class=\"elementor-element elementor-element-5aaa0691 bottom elementor-widget elementor-widget-text-editor\" data-id=\"5aaa0691\" data-element_type=\"widget\" data-widget_type=\"text-editor.default\">\n\t\t\t\t<div class=\"elementor-widget-container\">\n\t\t\t\t\t\t\t<p><a class=\"btn btn-primary\" title=\"Mehr erfahren\" href=\"https:\/\/www.epass24.com\/de\/the-toll-operators\/\">Mehr erfahren<\/a><\/p>\n\t\t\t\t\t\t<\/div>\n\t\t\t\t<\/div>\n\t\t\t\t\t<\/div>\n\t\t<\/div>\n\t\t\t\t<div class=\"elementor-column elementor-col-50 elementor-top-column elementor-element elementor-element-16706438 order min-height border-bottom-right-radius\" data-id=\"16706438\" data-element_type=\"column\" data-settings=\"{&quot;background_background&quot;:&quot;classic&quot;}\">\n\t\t\t<div class=\"elementor-widget-wrap\">\n\t\t\t\t\t\t\t\t\t<\/div>\n\t\t<\/div>\n\t\t\t\t\t\t\t<\/div>\n\t\t<\/section>\n\t\t\t\t\t\t\t<\/div>\n\t\t","protected":false},"excerpt":{"rendered":"<p>Bezahlen Sie Ihre Stra\u00dfenmautgeb\u00fchren mit Epass24 Stra\u00dfenbenutzungsgeb\u00fchren in Schweden &amp; Norwegen In Schweden und Norwegen m\u00fcssen alle Fahrzeuge, einschlie\u00dflich der im Ausland zugelassenen Fahrzeuge, Mautgeb\u00fchren zahlen. Das System verwendet ANPR-Kameras (Automatic Number Plate Recognition), die eine reibungslose und vollautomatische Erkennung und Registrierung von Fahrzeugen erm\u00f6glichen, die die Mautstationen passieren. Epass24 wurde von allen Mautbetreibern in [&hellip;]<\/p>\n","protected":false},"author":1,"featured_media":0,"parent":0,"menu_order":0,"comment_status":"closed","ping_status":"closed","template":"","meta":{"inline_featured_image":false},"acf":[],"_links":{"self":[{"href":"https:\/\/www.epass24.com\/de\/wp-json\/wp\/v2\/pages\/2759"}],"collection":[{"href":"https:\/\/www.epass24.com\/de\/wp-json\/wp\/v2\/pages"}],"about":[{"href":"https:\/\/www.epass24.com\/de\/wp-json\/wp\/v2\/types\/page"}],"author":[{"embeddable":true,"href":"https:\/\/www.epass24.com\/de\/wp-json\/wp\/v2\/users\/1"}],"replies":[{"embeddable":true,"href":"https:\/\/www.epass24.com\/de\/wp-json\/wp\/v2\/comments?post=2759"}],"version-history":[{"count":6,"href":"https:\/\/www.epass24.com\/de\/wp-json\/wp\/v2\/pages\/2759\/revisions"}],"predecessor-version":[{"id":6924,"href":"https:\/\/www.epass24.com\/de\/wp-json\/wp\/v2\/pages\/2759\/revisions\/6924"}],"wp:attachment":[{"href":"https:\/\/www.epass24.com\/de\/wp-json\/wp\/v2\/media?parent=2759"}],"curies":[{"name":"wp","href":"https:\/\/api.w.org\/{rel}","templated":true}]}}