{"id":2719,"date":"2021-04-28T22:46:13","date_gmt":"2021-04-28T22:46:13","guid":{"rendered":"http:\/\/epass24.uncleserj.com\/pago-automatico\/"},"modified":"2024-06-24T13:32:01","modified_gmt":"2024-06-24T13:32:01","slug":"pago-automatico","status":"publish","type":"page","link":"https:\/\/www.epass24.com\/es\/pago-automatico\/","title":{"rendered":"Pago autom\u00e1tico"},"content":{"rendered":"\t\t<div data-elementor-type=\"wp-page\" data-elementor-id=\"2719\" class=\"elementor elementor-2719 elementor-491\">\n\t\t\t\t\t\t\t\t\t<section class=\"elementor-section elementor-top-section elementor-element elementor-element-e2902d8 elementor-section-content-middle elementor-section-boxed elementor-section-height-default elementor-section-height-default\" data-id=\"e2902d8\" data-element_type=\"section\" id=\"hero\" data-settings=\"{&quot;background_background&quot;:&quot;classic&quot;}\">\n\t\t\t\t\t\t<div class=\"elementor-container elementor-column-gap-default\">\n\t\t\t\t\t<div class=\"elementor-column elementor-col-100 elementor-top-column elementor-element elementor-element-6d569b3d hero-wrapper\" data-id=\"6d569b3d\" data-element_type=\"column\">\n\t\t\t<div class=\"elementor-widget-wrap elementor-element-populated\">\n\t\t\t\t\t\t\t\t<div class=\"elementor-element elementor-element-58295d1b elementor-widget elementor-widget-heading\" data-id=\"58295d1b\" data-element_type=\"widget\" data-widget_type=\"heading.default\">\n\t\t\t\t<div class=\"elementor-widget-container\">\n\t\t\t<h1 class=\"elementor-heading-title elementor-size-xl\">Pague sus peajes con Epass24<\/h1>\t\t<\/div>\n\t\t\t\t<\/div>\n\t\t\t\t\t<\/div>\n\t\t<\/div>\n\t\t\t\t\t\t\t<\/div>\n\t\t<\/section>\n\t\t\t\t<section class=\"elementor-section elementor-top-section elementor-element elementor-element-9c013ac elementor-section-content-middle elementor-section-boxed elementor-section-height-default elementor-section-height-default\" data-id=\"9c013ac\" data-element_type=\"section\" data-settings=\"{&quot;background_background&quot;:&quot;classic&quot;}\">\n\t\t\t\t\t\t<div class=\"elementor-container elementor-column-gap-default\">\n\t\t\t\t\t<div class=\"elementor-column elementor-col-100 elementor-top-column elementor-element elementor-element-529c879\" data-id=\"529c879\" data-element_type=\"column\">\n\t\t\t<div class=\"elementor-widget-wrap elementor-element-populated\">\n\t\t\t\t\t\t\t\t<section class=\"elementor-section elementor-inner-section elementor-element elementor-element-9953b1f entry-content elementor-section-content-middle elementor-section-boxed elementor-section-height-default elementor-section-height-default\" data-id=\"9953b1f\" data-element_type=\"section\" data-settings=\"{&quot;background_background&quot;:&quot;classic&quot;}\">\n\t\t\t\t\t\t<div class=\"elementor-container elementor-column-gap-default\">\n\t\t\t\t\t<div class=\"elementor-column elementor-col-50 elementor-inner-column elementor-element elementor-element-4cb041a\" data-id=\"4cb041a\" data-element_type=\"column\">\n\t\t\t<div class=\"elementor-widget-wrap elementor-element-populated\">\n\t\t\t\t\t\t\t\t<div class=\"elementor-element elementor-element-76a1e55 elementor-widget elementor-widget-heading\" data-id=\"76a1e55\" data-element_type=\"widget\" data-widget_type=\"heading.default\">\n\t\t\t\t<div class=\"elementor-widget-container\">\n\t\t\t<h2 class=\"elementor-heading-title elementor-size-default\">Peajes en Suecia y Noruega<\/h2>\t\t<\/div>\n\t\t\t\t<\/div>\n\t\t\t\t<div class=\"elementor-element elementor-element-5704159 elementor-widget elementor-widget-text-editor\" data-id=\"5704159\" data-element_type=\"widget\" data-widget_type=\"text-editor.default\">\n\t\t\t\t<div class=\"elementor-widget-container\">\n\t\t\t\t\t\t\t<p>In Sweden and Norway all vehicles, including foreign registered vehicles, have to pay road toll charges. The system uses ANPR (Automatic Number Plate Recognition) cameras which provide seamless and fully automated detection and registration of vehicles passing through toll stations.<\/p>\n<p>Epass24 ha sido seleccionado por todos los operadores de peaje de Suecia y Noruega para facilitar el pago de estos peajes.<br \/><span style=\"color: var( --e-global-color-secondary );\"><br \/>Si su veh\u00edculo est\u00e1 matriculado en Suecia, puede pagar los peajes noruegos a trav\u00e9s de su cuenta Epass24. Si su veh\u00edculo est\u00e1 matriculado en Noruega, puede pagar los peajes suecos a trav\u00e9s de su cuenta Epass24. Los propietarios de todos los dem\u00e1s veh\u00edculos pueden pagar sus peajes autom\u00e1ticamente utilizando una cuenta Epass24.<\/span><\/p>\n<p>La cuenta Epass24 le permitir\u00e1 comprobar que est\u00e1 pagando los peajes correctos y dentro del plazo exigible. De esta forma, evitar\u00e1 gastos adicionales por retraso en el pago.<\/p>\n<p>Puede registrar m\u00e1s de un veh\u00edculo en la cuenta Epass24 y ver en l\u00ednea los peajes de todos ellos.<\/p>\n<p>Las cuentas de Epass24 son gratuitas y solo se pagan los peajes.<\/p>\n\t\t\t\t\t\t<\/div>\n\t\t\t\t<\/div>\n\t\t\t\t<div class=\"elementor-element elementor-element-211076e elementor-widget elementor-widget-text-editor\" data-id=\"211076e\" data-element_type=\"widget\" data-widget_type=\"text-editor.default\">\n\t\t\t\t<div class=\"elementor-widget-container\">\n\t\t\t\t\t\t\t<p><a class=\"btn btn-primary\" href=\"https:\/\/account.epass24.com\/es\/create\/step1\" target=\"_blank\" rel=\"noopener\">Crear cuenta<\/a><\/p>\n\t\t\t\t\t\t<\/div>\n\t\t\t\t<\/div>\n\t\t\t\t\t<\/div>\n\t\t<\/div>\n\t\t\t\t<div class=\"elementor-column elementor-col-50 elementor-inner-column elementor-element elementor-element-af7b5bd\" data-id=\"af7b5bd\" data-element_type=\"column\" data-settings=\"{&quot;background_background&quot;:&quot;classic&quot;}\">\n\t\t\t<div class=\"elementor-widget-wrap elementor-element-populated\">\n\t\t\t\t\t\t\t\t<div class=\"elementor-element elementor-element-9001d68 elementor-widget elementor-widget-text-editor\" data-id=\"9001d68\" data-element_type=\"widget\" data-widget_type=\"text-editor.default\">\n\t\t\t\t<div class=\"elementor-widget-container\">\n\t\t\t\t\t\t\t<figure>\n<p><i>\u00abEl Gobierno sueco aplica una tasa de morosidad de 500 SEK a quien no pague en la fecha prevista.<\/i><\/p>\n<p><i> <\/i><\/p>\n<p><i>Con mi cuenta Epass24 siempre pago a tiempo el peaje urbano (impuesto de congesti\u00f3n). \u00a1Gracias, Epass!\u00bb<\/i><\/p><figcaption class=\"blockquote-footer\">Maximilian Herrmann, Dusselsdorf<\/figcaption><\/figure>\n\t\t\t\t\t\t<\/div>\n\t\t\t\t<\/div>\n\t\t\t\t<div class=\"elementor-element elementor-element-1f186f6 elementor-widget elementor-widget-text-editor\" data-id=\"1f186f6\" data-element_type=\"widget\" data-widget_type=\"text-editor.default\">\n\t\t\t\t<div class=\"elementor-widget-container\">\n\t\t\t\t\t\t\t<figure>\n<p><i>\u00abEstuve de vacaciones en Noruega y cruc\u00e9 por Suecia.<br \/>&nbsp;<br \/>Para el viaje me registr\u00e9 en Epass24 y tanto el peaje sueco como el noruego se cargaron autom\u00e1ticamente en mi cuenta.<\/p>\n<p>El servicio es muy fluido y no tuve que detenerme en las estaciones de peaje, como en Italia\u00bb &nbsp;<\/i><\/p><figcaption class=\"blockquote-footer\">Michaela Ponzio, Milano<\/figcaption><\/figure>\n\t\t\t\t\t\t<\/div>\n\t\t\t\t<\/div>\n\t\t\t\t\t<\/div>\n\t\t<\/div>\n\t\t\t\t\t\t\t<\/div>\n\t\t<\/section>\n\t\t\t\t\t<\/div>\n\t\t<\/div>\n\t\t\t\t\t\t\t<\/div>\n\t\t<\/section>\n\t\t\t\t<section class=\"elementor-section elementor-top-section elementor-element elementor-element-cecc4f2 has-padding elementor-section-content-middle elementor-section-boxed elementor-section-height-default elementor-section-height-default\" data-id=\"cecc4f2\" data-element_type=\"section\" data-settings=\"{&quot;background_background&quot;:&quot;classic&quot;}\">\n\t\t\t\t\t\t<div class=\"elementor-container elementor-column-gap-default\">\n\t\t\t\t\t<div class=\"elementor-column elementor-col-50 elementor-top-column elementor-element elementor-element-1ce27260 min-height border-top-left-radius\" data-id=\"1ce27260\" data-element_type=\"column\" data-settings=\"{&quot;background_background&quot;:&quot;classic&quot;}\">\n\t\t\t<div class=\"elementor-widget-wrap\">\n\t\t\t\t\t\t\t\t\t<\/div>\n\t\t<\/div>\n\t\t\t\t<div class=\"elementor-column elementor-col-50 elementor-top-column elementor-element elementor-element-2060727e border-top-right-radius\" data-id=\"2060727e\" data-element_type=\"column\" data-settings=\"{&quot;background_background&quot;:&quot;classic&quot;}\">\n\t\t\t<div class=\"elementor-widget-wrap elementor-element-populated\">\n\t\t\t\t\t\t\t\t<div class=\"elementor-element elementor-element-164788cb elementor-widget elementor-widget-heading\" data-id=\"164788cb\" data-element_type=\"widget\" data-widget_type=\"heading.default\">\n\t\t\t\t<div class=\"elementor-widget-container\">\n\t\t\t<h3 class=\"elementor-heading-title elementor-size-xl\">Peajes<\/h3>\t\t<\/div>\n\t\t\t\t<\/div>\n\t\t\t\t<div class=\"elementor-element elementor-element-6f624989 part elementor-widget elementor-widget-text-editor\" data-id=\"6f624989\" data-element_type=\"widget\" data-widget_type=\"text-editor.default\">\n\t\t\t\t<div class=\"elementor-widget-container\">\n\t\t\t\t\t\t\t<p>Los peajes se utilizan para mejorar las infraestructuras, la salud p\u00fablica y el medio ambiente.<\/p>\n\t\t\t\t\t\t<\/div>\n\t\t\t\t<\/div>\n\t\t\t\t<div class=\"elementor-element elementor-element-410c1ab5 bottom elementor-widget elementor-widget-text-editor\" data-id=\"410c1ab5\" data-element_type=\"widget\" data-widget_type=\"text-editor.default\">\n\t\t\t\t<div class=\"elementor-widget-container\">\n\t\t\t\t\t\t\t<p><a class=\"btn btn-primary\" title=\"M\u00e1s informaci\u00f3n\" href=\"https:\/\/www.epass24.com\/es\/peajes\/\">M\u00e1s informaci\u00f3n<\/a><\/p>\n\t\t\t\t\t\t<\/div>\n\t\t\t\t<\/div>\n\t\t\t\t\t<\/div>\n\t\t<\/div>\n\t\t\t\t\t\t\t<\/div>\n\t\t<\/section>\n\t\t\t\t<section class=\"elementor-section elementor-top-section elementor-element elementor-element-5af6a7ea has-padding elementor-section-content-middle elementor-section-boxed elementor-section-height-default elementor-section-height-default\" data-id=\"5af6a7ea\" data-element_type=\"section\" data-settings=\"{&quot;background_background&quot;:&quot;classic&quot;}\">\n\t\t\t\t\t\t<div class=\"elementor-container elementor-column-gap-default\">\n\t\t\t\t\t<div class=\"elementor-column elementor-col-50 elementor-top-column elementor-element elementor-element-69a07202 border-bottom-left-radius\" data-id=\"69a07202\" data-element_type=\"column\" data-settings=\"{&quot;background_background&quot;:&quot;classic&quot;}\">\n\t\t\t<div class=\"elementor-widget-wrap elementor-element-populated\">\n\t\t\t\t\t\t\t\t<div class=\"elementor-element elementor-element-45c6c1ee elementor-widget elementor-widget-heading\" data-id=\"45c6c1ee\" data-element_type=\"widget\" data-widget_type=\"heading.default\">\n\t\t\t\t<div class=\"elementor-widget-container\">\n\t\t\t<h3 class=\"elementor-heading-title elementor-size-large\">Operadores de peaje<\/h3>\t\t<\/div>\n\t\t\t\t<\/div>\n\t\t\t\t<div class=\"elementor-element elementor-element-49136d06 part elementor-widget elementor-widget-text-editor\" data-id=\"49136d06\" data-element_type=\"widget\" data-widget_type=\"text-editor.default\">\n\t\t\t\t<div class=\"elementor-widget-container\">\n\t\t\t\t\t\t\t<p>En la mayor\u00eda de los pa\u00edses europeos existen tasas por el uso de la v\u00eda p\u00fablica, gestionadas por operadores de peaje nacionales.\u00a0<\/p>\n\t\t\t\t\t\t<\/div>\n\t\t\t\t<\/div>\n\t\t\t\t<div class=\"elementor-element elementor-element-5aaa0691 bottom elementor-widget elementor-widget-text-editor\" data-id=\"5aaa0691\" data-element_type=\"widget\" data-widget_type=\"text-editor.default\">\n\t\t\t\t<div class=\"elementor-widget-container\">\n\t\t\t\t\t\t\t<p><a class=\"btn btn-primary\" title=\"M\u00e1s informaci\u00f3n\" href=\"https:\/\/www.epass24.com\/es\/the-toll-operators\/\">M\u00e1s informaci\u00f3n<\/a><\/p>\n\t\t\t\t\t\t<\/div>\n\t\t\t\t<\/div>\n\t\t\t\t\t<\/div>\n\t\t<\/div>\n\t\t\t\t<div class=\"elementor-column elementor-col-50 elementor-top-column elementor-element elementor-element-16706438 order min-height border-bottom-right-radius\" data-id=\"16706438\" data-element_type=\"column\" data-settings=\"{&quot;background_background&quot;:&quot;classic&quot;}\">\n\t\t\t<div class=\"elementor-widget-wrap\">\n\t\t\t\t\t\t\t\t\t<\/div>\n\t\t<\/div>\n\t\t\t\t\t\t\t<\/div>\n\t\t<\/section>\n\t\t\t\t\t\t\t<\/div>\n\t\t","protected":false},"excerpt":{"rendered":"<p>Pague sus peajes con Epass24 Peajes en Suecia y Noruega In Sweden and Norway all vehicles, including foreign registered vehicles, have to pay road toll charges. The system uses ANPR (Automatic Number Plate Recognition) cameras which provide seamless and fully automated detection and registration of vehicles passing through toll stations. Epass24 ha sido seleccionado por [&hellip;]<\/p>\n","protected":false},"author":1,"featured_media":0,"parent":0,"menu_order":0,"comment_status":"closed","ping_status":"closed","template":"","meta":{"inline_featured_image":false},"acf":[],"_links":{"self":[{"href":"https:\/\/www.epass24.com\/es\/wp-json\/wp\/v2\/pages\/2719"}],"collection":[{"href":"https:\/\/www.epass24.com\/es\/wp-json\/wp\/v2\/pages"}],"about":[{"href":"https:\/\/www.epass24.com\/es\/wp-json\/wp\/v2\/types\/page"}],"author":[{"embeddable":true,"href":"https:\/\/www.epass24.com\/es\/wp-json\/wp\/v2\/users\/1"}],"replies":[{"embeddable":true,"href":"https:\/\/www.epass24.com\/es\/wp-json\/wp\/v2\/comments?post=2719"}],"version-history":[{"count":5,"href":"https:\/\/www.epass24.com\/es\/wp-json\/wp\/v2\/pages\/2719\/revisions"}],"predecessor-version":[{"id":6943,"href":"https:\/\/www.epass24.com\/es\/wp-json\/wp\/v2\/pages\/2719\/revisions\/6943"}],"wp:attachment":[{"href":"https:\/\/www.epass24.com\/es\/wp-json\/wp\/v2\/media?parent=2719"}],"curies":[{"name":"wp","href":"https:\/\/api.w.org\/{rel}","templated":true}]}}