{"id":3647,"date":"2021-07-11T20:14:44","date_gmt":"2021-07-11T20:14:44","guid":{"rendered":"https:\/\/www.epass24.com\/appeal\/appeal-online\/"},"modified":"2025-06-02T14:33:33","modified_gmt":"2025-06-02T14:33:33","slug":"appeal-online","status":"publish","type":"page","link":"https:\/\/www.epass24.com\/et\/appeal\/appeal-online\/","title":{"rendered":"Appeal Online"},"content":{"rendered":"\t\t<div data-elementor-type=\"wp-page\" data-elementor-id=\"3647\" class=\"elementor elementor-3647 elementor-3565\">\n\t\t\t\t\t\t\t\t\t<section class=\"elementor-section elementor-top-section elementor-element elementor-element-68e50377 elementor-section-content-middle elementor-section-boxed elementor-section-height-default elementor-section-height-default\" data-id=\"68e50377\" data-element_type=\"section\" id=\"hero\" data-settings=\"{&quot;background_background&quot;:&quot;classic&quot;}\">\n\t\t\t\t\t\t<div class=\"elementor-container elementor-column-gap-default\">\n\t\t\t\t\t<div class=\"elementor-column elementor-col-100 elementor-top-column elementor-element elementor-element-26b419cd hero-wrapper\" data-id=\"26b419cd\" data-element_type=\"column\">\n\t\t\t<div class=\"elementor-widget-wrap elementor-element-populated\">\n\t\t\t\t\t\t\t\t<div class=\"elementor-element elementor-element-1f759e8b elementor-widget elementor-widget-heading\" data-id=\"1f759e8b\" data-element_type=\"widget\" data-widget_type=\"heading.default\">\n\t\t\t\t<div class=\"elementor-widget-container\">\n\t\t\t<h1 class=\"elementor-heading-title elementor-size-default\">Esitage taotlus veebis<br><small>Rootsi maksuametile v\u00f5i transpordiametile<\/small><\/h1>\t\t<\/div>\n\t\t\t\t<\/div>\n\t\t\t\t\t<\/div>\n\t\t<\/div>\n\t\t\t\t\t\t\t<\/div>\n\t\t<\/section>\n\t\t\t\t<section class=\"elementor-section elementor-top-section elementor-element elementor-element-d6b775d elementor-section-boxed elementor-section-height-default elementor-section-height-default\" data-id=\"d6b775d\" data-element_type=\"section\" data-settings=\"{&quot;background_background&quot;:&quot;classic&quot;}\">\n\t\t\t\t\t\t<div class=\"elementor-container elementor-column-gap-default\">\n\t\t\t\t\t<div class=\"elementor-column elementor-col-100 elementor-top-column elementor-element elementor-element-1877fe90\" data-id=\"1877fe90\" data-element_type=\"column\">\n\t\t\t<div class=\"elementor-widget-wrap elementor-element-populated\">\n\t\t\t\t\t\t\t\t<section class=\"elementor-section elementor-inner-section elementor-element elementor-element-6d057dd3 entry-content elementor-section-boxed elementor-section-height-default elementor-section-height-default\" data-id=\"6d057dd3\" data-element_type=\"section\" data-settings=\"{&quot;background_background&quot;:&quot;classic&quot;}\">\n\t\t\t\t\t\t<div class=\"elementor-container elementor-column-gap-default\">\n\t\t\t\t\t<div class=\"elementor-column elementor-col-100 elementor-inner-column elementor-element elementor-element-44469099\" data-id=\"44469099\" data-element_type=\"column\">\n\t\t\t<div class=\"elementor-widget-wrap elementor-element-populated\">\n\t\t\t\t\t\t\t\t<div class=\"elementor-element elementor-element-72253ba6 elementor-widget elementor-widget-text-editor\" data-id=\"72253ba6\" data-element_type=\"widget\" data-widget_type=\"text-editor.default\">\n\t\t\t\t<div class=\"elementor-widget-container\">\n\t\t\t\t\t\t\t<p>Kui arvate, et ummikumaksu v\u00f5i infrastruktuurimaksu otsus on vale, v\u00f5ite selle edasi kaevata.<\/p>\n\t\t\t\t\t\t<\/div>\n\t\t\t\t<\/div>\n\t\t\t\t<div class=\"elementor-element elementor-element-72baad28 elementor-widget elementor-widget-text-editor\" data-id=\"72baad28\" data-element_type=\"widget\" data-widget_type=\"text-editor.default\">\n\t\t\t\t<div class=\"elementor-widget-container\">\n\t\t\t\t\t\t\t<p>Ummikumaksude kohta Stockholmis ja G\u00f6teborgis.<\/p>\n<p><a class=\"styled-text\" href=\"https:\/\/transportstyrelsen.se\/en\/road\/road-tolls\/Congestion-taxes-in-Stockholm-and-Goteborg\/\" target=\"_blank\" rel=\"noopener\">Korduma kippuvad k\u00fcsimused ummikumaksu kohta (lugege enne taotluse esitamist).<\/a><\/p>\n<p><a class=\"styled-text\" href=\"https:\/\/skatteverket.se\/servicelankar\/otherlanguages\/inenglishengelska\/individualsandemployees\/congestiontax\/requestareconsiderationofcongestiontaxoradditionalfee\" target=\"_blank\" rel=\"noopener\">AUmmikumaksu v\u00f5ib edasi kaevata Rootsi maksuametile.<\/a><\/p>\n\t\t\t\t\t\t<\/div>\n\t\t\t\t<\/div>\n\t\t\t\t<div class=\"elementor-element elementor-element-47bbfd63 elementor-widget elementor-widget-text-editor\" data-id=\"47bbfd63\" data-element_type=\"widget\" data-widget_type=\"text-editor.default\">\n\t\t\t\t<div class=\"elementor-widget-container\">\n\t\t\t\t\t\t\t<p class=\"styled-text\">Infrastruktuuri maksude (sillamaksude) kohta Motalas, Skurus ja Sundsvallis.<\/p>\n<p><a class=\"styled-text\" href=\"https:\/\/transportstyrelsen.se\/en\/road\/road-tolls\/Infrastructure-charges\/\" target=\"_blank\" rel=\"noopener\">Korduma kippuvad k\u00fcsimused infrastruktuurimaksude kohta (lugege enne taotluse esitamist)..<\/a><\/p>\n<p><a class=\"styled-text\" href=\"https:\/\/www.transportstyrelsen.se\/en\/road\/vehicles\/taxes-and-fees\/road-tolls\/infrastructure-charges\/appeal\/\" target=\"_blank\" rel=\"noopener\">Infrastruktuurimaksu v\u00f5ib edasi kaevata Rootsi transpordiametile.<\/a><\/p>\n\t\t\t\t\t\t<\/div>\n\t\t\t\t<\/div>\n\t\t\t\t\t<\/div>\n\t\t<\/div>\n\t\t\t\t\t\t\t<\/div>\n\t\t<\/section>\n\t\t\t\t\t<\/div>\n\t\t<\/div>\n\t\t\t\t\t\t\t<\/div>\n\t\t<\/section>\n\t\t\t\t\t\t\t<\/div>\n\t\t","protected":false},"excerpt":{"rendered":"<p>Esitage taotlus veebisRootsi maksuametile v\u00f5i transpordiametile Kui arvate, et ummikumaksu v\u00f5i infrastruktuurimaksu otsus on vale, v\u00f5ite selle edasi kaevata. Ummikumaksude kohta Stockholmis ja G\u00f6teborgis. Korduma kippuvad k\u00fcsimused ummikumaksu kohta (lugege enne taotluse esitamist). AUmmikumaksu v\u00f5ib edasi kaevata Rootsi maksuametile. Infrastruktuuri maksude (sillamaksude) kohta Motalas, Skurus ja Sundsvallis. Korduma kippuvad k\u00fcsimused infrastruktuurimaksude kohta (lugege enne taotluse [&hellip;]<\/p>\n","protected":false},"author":4,"featured_media":0,"parent":3645,"menu_order":0,"comment_status":"closed","ping_status":"closed","template":"","meta":{"inline_featured_image":false},"acf":[],"_links":{"self":[{"href":"https:\/\/www.epass24.com\/et\/wp-json\/wp\/v2\/pages\/3647"}],"collection":[{"href":"https:\/\/www.epass24.com\/et\/wp-json\/wp\/v2\/pages"}],"about":[{"href":"https:\/\/www.epass24.com\/et\/wp-json\/wp\/v2\/types\/page"}],"author":[{"embeddable":true,"href":"https:\/\/www.epass24.com\/et\/wp-json\/wp\/v2\/users\/4"}],"replies":[{"embeddable":true,"href":"https:\/\/www.epass24.com\/et\/wp-json\/wp\/v2\/comments?post=3647"}],"version-history":[{"count":7,"href":"https:\/\/www.epass24.com\/et\/wp-json\/wp\/v2\/pages\/3647\/revisions"}],"predecessor-version":[{"id":7014,"href":"https:\/\/www.epass24.com\/et\/wp-json\/wp\/v2\/pages\/3647\/revisions\/7014"}],"up":[{"embeddable":true,"href":"https:\/\/www.epass24.com\/et\/wp-json\/wp\/v2\/pages\/3645"}],"wp:attachment":[{"href":"https:\/\/www.epass24.com\/et\/wp-json\/wp\/v2\/media?parent=3647"}],"curies":[{"name":"wp","href":"https:\/\/api.w.org\/{rel}","templated":true}]}}