{"id":2667,"date":"2021-04-28T20:53:05","date_gmt":"2021-04-28T20:53:05","guid":{"rendered":"http:\/\/epass24.uncleserj.com\/tiemaksut\/"},"modified":"2021-04-28T20:53:06","modified_gmt":"2021-04-28T20:53:06","slug":"tiemaksut","status":"publish","type":"page","link":"https:\/\/www.epass24.com\/fi\/tiemaksut\/","title":{"rendered":"Tiemaksut"},"content":{"rendered":"\t\t<div data-elementor-type=\"wp-page\" data-elementor-id=\"2667\" class=\"elementor elementor-2667 elementor-754\">\n\t\t\t\t\t\t\t\t\t<section class=\"elementor-section elementor-top-section elementor-element elementor-element-28c921dc elementor-section-content-middle elementor-section-boxed elementor-section-height-default elementor-section-height-default\" data-id=\"28c921dc\" data-element_type=\"section\" id=\"hero\" data-settings=\"{&quot;background_background&quot;:&quot;classic&quot;}\">\n\t\t\t\t\t\t<div class=\"elementor-container elementor-column-gap-default\">\n\t\t\t\t\t<div class=\"elementor-column elementor-col-100 elementor-top-column elementor-element elementor-element-67173fed hero-wrapper\" data-id=\"67173fed\" data-element_type=\"column\">\n\t\t\t<div class=\"elementor-widget-wrap elementor-element-populated\">\n\t\t\t\t\t\t\t\t<div class=\"elementor-element elementor-element-4ed96da elementor-widget elementor-widget-heading\" data-id=\"4ed96da\" data-element_type=\"widget\" data-widget_type=\"heading.default\">\n\t\t\t\t<div class=\"elementor-widget-container\">\n\t\t\t<h1 class=\"elementor-heading-title elementor-size-default\">Infrastruktuuri, kansanterveys ja ymp\u00e4rist\u00f6<\/h1>\t\t<\/div>\n\t\t\t\t<\/div>\n\t\t\t\t<div class=\"elementor-element elementor-element-e795277 elementor-widget elementor-widget-text-editor\" data-id=\"e795277\" data-element_type=\"widget\" data-widget_type=\"text-editor.default\">\n\t\t\t\t<div class=\"elementor-widget-container\">\n\t\t\t\t\t\t\t\t\t\t\t\t\t<\/div>\n\t\t\t\t<\/div>\n\t\t\t\t\t<\/div>\n\t\t<\/div>\n\t\t\t\t\t\t\t<\/div>\n\t\t<\/section>\n\t\t\t\t<section class=\"elementor-section elementor-top-section elementor-element elementor-element-3b2d26c8 elementor-section-boxed elementor-section-height-default elementor-section-height-default\" data-id=\"3b2d26c8\" data-element_type=\"section\" data-settings=\"{&quot;background_background&quot;:&quot;classic&quot;}\">\n\t\t\t\t\t\t<div class=\"elementor-container elementor-column-gap-default\">\n\t\t\t\t\t<div class=\"elementor-column elementor-col-100 elementor-top-column elementor-element elementor-element-718039d3\" data-id=\"718039d3\" data-element_type=\"column\">\n\t\t\t<div class=\"elementor-widget-wrap elementor-element-populated\">\n\t\t\t\t\t\t\t\t<section class=\"elementor-section elementor-inner-section elementor-element elementor-element-750eaf80 entry-content elementor-section-content-top elementor-section-boxed elementor-section-height-default elementor-section-height-default\" data-id=\"750eaf80\" data-element_type=\"section\" data-settings=\"{&quot;background_background&quot;:&quot;classic&quot;}\">\n\t\t\t\t\t\t<div class=\"elementor-container elementor-column-gap-default\">\n\t\t\t\t\t<div class=\"elementor-column elementor-col-50 elementor-inner-column elementor-element elementor-element-8f8ecd0 road\" data-id=\"8f8ecd0\" data-element_type=\"column\">\n\t\t\t<div class=\"elementor-widget-wrap elementor-element-populated\">\n\t\t\t\t\t\t\t\t<div class=\"elementor-element elementor-element-1bacc71 elementor-widget elementor-widget-heading\" data-id=\"1bacc71\" data-element_type=\"widget\" data-widget_type=\"heading.default\">\n\t\t\t\t<div class=\"elementor-widget-container\">\n\t\t\t<h2 class=\"elementor-heading-title elementor-size-default\">Miksi tiemaksuja perit\u00e4\u00e4n?<\/h2>\t\t<\/div>\n\t\t\t\t<\/div>\n\t\t\t\t<div class=\"elementor-element elementor-element-759a5a8 elementor-widget elementor-widget-text-editor\" data-id=\"759a5a8\" data-element_type=\"widget\" data-widget_type=\"text-editor.default\">\n\t\t\t\t<div class=\"elementor-widget-container\">\n\t\t\t\t\t\t\t<p><span style=\"color: var( --e-global-color-secondary );\">Tietullien ja tiemaksujen k\u00e4ytt\u00f6\u00f6noton suurin syy on rahoittaa infrastruktuurihankkeita.<br \/><\/span><span style=\"color: var( --e-global-color-secondary );\"><br \/>Joitakin maksuja, kuten ruuhkamaksuja ja ymp\u00e4rist\u00f6vy\u00f6hykkeisiin liittyvi\u00e4 maksuja perit\u00e4\u00e4n ilmansaasteiden ja liikenneruuhkien v\u00e4hent\u00e4miseksi.<br \/><\/span><span style=\"color: var( --e-global-color-secondary );\"><br \/>Kaikki Epass 24:n k\u00e4sittelem\u00e4t tiemaksut perustuvat niin kutsuttuun ANPR-j\u00e4rjestelm\u00e4\u00e4n (Automatic Number Plate Recognition). Ajoneuvo rekister\u00f6id\u00e4\u00e4n automaattisesti kameran avulla, kun se ohittaa tiemaksuaseman ja ajoneuvon omistajaa laskutetaan j\u00e4lkik\u00e4teen.<br \/><\/span><span style=\"color: var( --e-global-color-secondary );\"><br \/>Kaikki eiv\u00e4t pid\u00e4 tiemaksuista, mutta samalla on t\u00e4rke\u00e4 muistaa, ett\u00e4 maksujen tarkoituksena on parantaa kaikkien kansalaisten el\u00e4m\u00e4nlaatua ja yhteiskuntaa kokonaisuudessaan.<\/span><\/p>\n<p>\u00a0<\/p>\n\t\t\t\t\t\t<\/div>\n\t\t\t\t<\/div>\n\t\t\t\t<div class=\"elementor-element elementor-element-9910f75 elementor-widget elementor-widget-text-editor\" data-id=\"9910f75\" data-element_type=\"widget\" data-widget_type=\"text-editor.default\">\n\t\t\t\t<div class=\"elementor-widget-container\">\n\t\t\t\t\t\t\t<ul>\n<li><i class=\"fas fa-chevron-right\"><\/i>Ruuhkamaksut<\/li>\n<li><i class=\"fas fa-chevron-right\"><\/i>Infrastruktuurimaksut<\/li>\n<li><i class=\"fas fa-chevron-right\"><\/i>Tietullit<\/li>\n<li><i class=\"fas fa-chevron-right\"><\/i>Siltamaksut<\/li>\n<li><i class=\"fas fa-chevron-right\"><\/i>Ymp\u00e4rist\u00f6vy\u00f6hykkeet<\/li>\n<li><i class=\"fas fa-chevron-right\"><\/i>Kilometrivero<\/li>\n<li><i class=\"fas fa-chevron-right\"><\/i>Lauttayhteydet<\/li>\n<\/ul>\n<p><img loading=\"lazy\" class=\"size-medium wp-image-156 alignright\" src=\"https:\/\/www.epass24.com\/wp-content\/uploads\/part-2-300x200.jpg\" alt=\"\" width=\"250\" height=\"250\" \/><\/p>\n\t\t\t\t\t\t<\/div>\n\t\t\t\t<\/div>\n\t\t\t\t\t<\/div>\n\t\t<\/div>\n\t\t\t\t<div class=\"elementor-column elementor-col-50 elementor-inner-column elementor-element elementor-element-4ce275b\" data-id=\"4ce275b\" data-element_type=\"column\">\n\t\t\t<div class=\"elementor-widget-wrap elementor-element-populated\">\n\t\t\t\t\t\t\t\t<div class=\"elementor-element elementor-element-d3d3bce elementor-widget elementor-widget-image\" data-id=\"d3d3bce\" data-element_type=\"widget\" data-widget_type=\"image.default\">\n\t\t\t\t<div class=\"elementor-widget-container\">\n\t\t\t\t\t\t\t\t\t\t\t\t\t\t\t<img width=\"2500\" height=\"1820\" src=\"\/wp-content\/uploads\/road-1.svg\" class=\"attachment-full size-full wp-image-1583\" alt=\"\" loading=\"lazy\" \/>\t\t\t\t\t\t\t\t\t\t\t\t\t\t\t<\/div>\n\t\t\t\t<\/div>\n\t\t\t\t\t<\/div>\n\t\t<\/div>\n\t\t\t\t\t\t\t<\/div>\n\t\t<\/section>\n\t\t\t\t\t<\/div>\n\t\t<\/div>\n\t\t\t\t\t\t\t<\/div>\n\t\t<\/section>\n\t\t\t\t\t\t\t<\/div>\n\t\t","protected":false},"excerpt":{"rendered":"<p>Infrastruktuuri, kansanterveys ja ymp\u00e4rist\u00f6 Miksi tiemaksuja perit\u00e4\u00e4n? Tietullien ja tiemaksujen k\u00e4ytt\u00f6\u00f6noton suurin syy on rahoittaa infrastruktuurihankkeita. Joitakin maksuja, kuten ruuhkamaksuja ja ymp\u00e4rist\u00f6vy\u00f6hykkeisiin liittyvi\u00e4 maksuja perit\u00e4\u00e4n ilmansaasteiden ja liikenneruuhkien v\u00e4hent\u00e4miseksi. Kaikki Epass 24:n k\u00e4sittelem\u00e4t tiemaksut perustuvat niin kutsuttuun ANPR-j\u00e4rjestelm\u00e4\u00e4n (Automatic Number Plate Recognition). Ajoneuvo rekister\u00f6id\u00e4\u00e4n automaattisesti kameran avulla, kun se ohittaa tiemaksuaseman ja ajoneuvon omistajaa laskutetaan [&hellip;]<\/p>\n","protected":false},"author":1,"featured_media":0,"parent":0,"menu_order":0,"comment_status":"closed","ping_status":"closed","template":"","meta":{"inline_featured_image":false},"acf":[],"_links":{"self":[{"href":"https:\/\/www.epass24.com\/fi\/wp-json\/wp\/v2\/pages\/2667"}],"collection":[{"href":"https:\/\/www.epass24.com\/fi\/wp-json\/wp\/v2\/pages"}],"about":[{"href":"https:\/\/www.epass24.com\/fi\/wp-json\/wp\/v2\/types\/page"}],"author":[{"embeddable":true,"href":"https:\/\/www.epass24.com\/fi\/wp-json\/wp\/v2\/users\/1"}],"replies":[{"embeddable":true,"href":"https:\/\/www.epass24.com\/fi\/wp-json\/wp\/v2\/comments?post=2667"}],"version-history":[{"count":1,"href":"https:\/\/www.epass24.com\/fi\/wp-json\/wp\/v2\/pages\/2667\/revisions"}],"predecessor-version":[{"id":2670,"href":"https:\/\/www.epass24.com\/fi\/wp-json\/wp\/v2\/pages\/2667\/revisions\/2670"}],"wp:attachment":[{"href":"https:\/\/www.epass24.com\/fi\/wp-json\/wp\/v2\/media?parent=2667"}],"curies":[{"name":"wp","href":"https:\/\/api.w.org\/{rel}","templated":true}]}}