{"id":2682,"date":"2021-04-28T21:15:29","date_gmt":"2021-04-28T21:15:29","guid":{"rendered":"http:\/\/epass24.uncleserj.com\/automaattiset-maksut\/"},"modified":"2024-06-24T13:27:13","modified_gmt":"2024-06-24T13:27:13","slug":"automaattiset-maksut","status":"publish","type":"page","link":"https:\/\/www.epass24.com\/fi\/automaattiset-maksut\/","title":{"rendered":"Automaattiset maksut"},"content":{"rendered":"\t\t<div data-elementor-type=\"wp-page\" data-elementor-id=\"2682\" class=\"elementor elementor-2682 elementor-491\">\n\t\t\t\t\t\t\t\t\t<section class=\"elementor-section elementor-top-section elementor-element elementor-element-e2902d8 elementor-section-content-middle elementor-section-boxed elementor-section-height-default elementor-section-height-default\" data-id=\"e2902d8\" data-element_type=\"section\" id=\"hero\" data-settings=\"{&quot;background_background&quot;:&quot;classic&quot;}\">\n\t\t\t\t\t\t<div class=\"elementor-container elementor-column-gap-default\">\n\t\t\t\t\t<div class=\"elementor-column elementor-col-100 elementor-top-column elementor-element elementor-element-6d569b3d hero-wrapper\" data-id=\"6d569b3d\" data-element_type=\"column\">\n\t\t\t<div class=\"elementor-widget-wrap elementor-element-populated\">\n\t\t\t\t\t\t\t\t<div class=\"elementor-element elementor-element-58295d1b elementor-widget elementor-widget-heading\" data-id=\"58295d1b\" data-element_type=\"widget\" data-widget_type=\"heading.default\">\n\t\t\t\t<div class=\"elementor-widget-container\">\n\t\t\t<h1 class=\"elementor-heading-title elementor-size-xl\">Maksa tiemaksusi Epass 24 -palvelulla<\/h1>\t\t<\/div>\n\t\t\t\t<\/div>\n\t\t\t\t\t<\/div>\n\t\t<\/div>\n\t\t\t\t\t\t\t<\/div>\n\t\t<\/section>\n\t\t\t\t<section class=\"elementor-section elementor-top-section elementor-element elementor-element-9c013ac elementor-section-content-middle elementor-section-boxed elementor-section-height-default elementor-section-height-default\" data-id=\"9c013ac\" data-element_type=\"section\" data-settings=\"{&quot;background_background&quot;:&quot;classic&quot;}\">\n\t\t\t\t\t\t<div class=\"elementor-container elementor-column-gap-default\">\n\t\t\t\t\t<div class=\"elementor-column elementor-col-100 elementor-top-column elementor-element elementor-element-529c879\" data-id=\"529c879\" data-element_type=\"column\">\n\t\t\t<div class=\"elementor-widget-wrap elementor-element-populated\">\n\t\t\t\t\t\t\t\t<section class=\"elementor-section elementor-inner-section elementor-element elementor-element-9953b1f entry-content elementor-section-content-middle elementor-section-boxed elementor-section-height-default elementor-section-height-default\" data-id=\"9953b1f\" data-element_type=\"section\" data-settings=\"{&quot;background_background&quot;:&quot;classic&quot;}\">\n\t\t\t\t\t\t<div class=\"elementor-container elementor-column-gap-default\">\n\t\t\t\t\t<div class=\"elementor-column elementor-col-50 elementor-inner-column elementor-element elementor-element-4cb041a\" data-id=\"4cb041a\" data-element_type=\"column\">\n\t\t\t<div class=\"elementor-widget-wrap elementor-element-populated\">\n\t\t\t\t\t\t\t\t<div class=\"elementor-element elementor-element-76a1e55 elementor-widget elementor-widget-heading\" data-id=\"76a1e55\" data-element_type=\"widget\" data-widget_type=\"heading.default\">\n\t\t\t\t<div class=\"elementor-widget-container\">\n\t\t\t<h2 class=\"elementor-heading-title elementor-size-default\">Tiemaksut Ruotsissa ja Norjassa<\/h2>\t\t<\/div>\n\t\t\t\t<\/div>\n\t\t\t\t<div class=\"elementor-element elementor-element-5704159 elementor-widget elementor-widget-text-editor\" data-id=\"5704159\" data-element_type=\"widget\" data-widget_type=\"text-editor.default\">\n\t\t\t\t<div class=\"elementor-widget-container\">\n\t\t\t\t\t\t\t<p>Ruotsissa ja Norjassa kaikkien ajoneuvojen, my\u00f6s ulkomaille rekister\u00f6ityjen, on maksettava tiemaksu. ANPR-j\u00e4rjestelm\u00e4 (Automatic Number Plate Recognition System) rekister\u00f6i tieverkon l\u00e4pi kulkevan ajoneuvon automaattisesti.<\/p>\n<p>Epass 24 -palvelua k\u00e4ytt\u00e4v\u00e4t kaikki tienpit\u00e4j\u00e4t Ruotsissa ja Norjassa tiemaksujen maksamisen helpottamiseksi. Jos ajoneuvosi on rekister\u00f6ity Ruotsiin, voit maksaa kaikki norjalaiset tiemaksusi automaattisesti Epass24 -palvelun kautta. Sen sijaan et voi k\u00e4ytt\u00e4\u00e4 Epass 24 -tili\u00e4 maksaaksesi ruotsalaisia tiemaksuja, jos ajoneuvosi on rekister\u00f6ity Ruotsiin. Jos ajoneuvosi on rekister\u00f6ity Norjaan, voit k\u00e4ytt\u00e4\u00e4 Epass 24 -palvelua maksaaksesi ruotsalaiset tiemaksut automaattisesti.<br \/><span style=\"color: var( --e-global-color-secondary );\"><br \/>Ruotsin tai Norjan ulkopuolelle rekister\u00f6ityjen ajoneuvojen omistajat voivat k\u00e4ytt\u00e4\u00e4 Epass 24 -palvelua kaikkien maksujen maksamiseksi.<\/span><\/p>\n<p>Epass 24 -tilin avulla varmistat, ett\u00e4 maksat oikean m\u00e4\u00e4r\u00e4n oikeaan aikaan. N\u00e4in v\u00e4ltyt maksamasta liian my\u00f6h\u00e4\u00e4n, eik\u00e4 tienpit\u00e4j\u00e4 voi peri\u00e4 lis\u00e4maksuja my\u00f6h\u00e4styneest\u00e4 maksusta.<\/p>\n<p>Voit rekister\u00f6id\u00e4 useita ajoneuvoja hallinnoinnin ja valvonnan helpottamiseksi.<\/p>\n<p>Epass 24 on ilmainen palvelu. Maksat vain teiden k\u00e4yt\u00f6st\u00e4.<\/p>\n\t\t\t\t\t\t<\/div>\n\t\t\t\t<\/div>\n\t\t\t\t<div class=\"elementor-element elementor-element-211076e elementor-widget elementor-widget-text-editor\" data-id=\"211076e\" data-element_type=\"widget\" data-widget_type=\"text-editor.default\">\n\t\t\t\t<div class=\"elementor-widget-container\">\n\t\t\t\t\t\t\t<p><a class=\"btn btn-primary\" href=\"https:\/\/account.epass24.com\/fi\/create\/step1\" target=\"_blank\" rel=\"noopener\">Luo tili<\/a><\/p>\n\t\t\t\t\t\t<\/div>\n\t\t\t\t<\/div>\n\t\t\t\t\t<\/div>\n\t\t<\/div>\n\t\t\t\t<div class=\"elementor-column elementor-col-50 elementor-inner-column elementor-element elementor-element-af7b5bd\" data-id=\"af7b5bd\" data-element_type=\"column\" data-settings=\"{&quot;background_background&quot;:&quot;classic&quot;}\">\n\t\t\t<div class=\"elementor-widget-wrap elementor-element-populated\">\n\t\t\t\t\t\t\t\t<div class=\"elementor-element elementor-element-9001d68 elementor-widget elementor-widget-text-editor\" data-id=\"9001d68\" data-element_type=\"widget\" data-widget_type=\"text-editor.default\">\n\t\t\t\t<div class=\"elementor-widget-container\">\n\t\t\t\t\t\t\t<figure>\n<p><i>\u201dJos maksat Ruotsin ruuhkamaksun liian my\u00f6h\u00e4\u00e4n, hintaan lis\u00e4t\u00e4\u00e4n 500 kruunun lis\u00e4maksu. <\/i><\/p>\n<p><i> <\/i><\/p>\n<p><i>Epass24 -tilin ansiosta maksan taatusti aina ajoissa. Kiitos Epass!\u201d<\/i><\/p><figcaption class=\"blockquote-footer\">Maximilian Herrmann, Dusselsdorf<\/figcaption><\/figure>\n\t\t\t\t\t\t<\/div>\n\t\t\t\t<\/div>\n\t\t\t\t<div class=\"elementor-element elementor-element-1f186f6 elementor-widget elementor-widget-text-editor\" data-id=\"1f186f6\" data-element_type=\"widget\" data-widget_type=\"text-editor.default\">\n\t\t\t\t<div class=\"elementor-widget-container\">\n\t\t\t\t\t\t\t<figure>\n<p><i>\u201dOlin ihanalla lomalla Norjassa ja ajoin Ruotsin l\u00e4pi. <br \/>&nbsp;<br \/>Rekister\u00f6idyin matkan aikana Epass24-palveluun ja sek\u00e4 Ruotsin ett\u00e4 Norjan tiemaksut veloitettiin kortiltani t\u00e4ysin automaattisesti.<\/p>\n<p>Uskomattoman helppoa. T\u00e4ysin eri tilanne kuin Italiassa, jossa olen tottunut pys\u00e4htym\u00e4\u00e4n tiemaksuasemalla maksamaan tiemaksuja.&#8221;&nbsp;<\/i><\/p><figcaption class=\"blockquote-footer\">Michaela Ponzio, Milano<\/figcaption><\/figure>\n\t\t\t\t\t\t<\/div>\n\t\t\t\t<\/div>\n\t\t\t\t\t<\/div>\n\t\t<\/div>\n\t\t\t\t\t\t\t<\/div>\n\t\t<\/section>\n\t\t\t\t\t<\/div>\n\t\t<\/div>\n\t\t\t\t\t\t\t<\/div>\n\t\t<\/section>\n\t\t\t\t<section class=\"elementor-section elementor-top-section elementor-element elementor-element-cecc4f2 has-padding elementor-section-content-middle elementor-section-boxed elementor-section-height-default elementor-section-height-default\" data-id=\"cecc4f2\" data-element_type=\"section\" data-settings=\"{&quot;background_background&quot;:&quot;classic&quot;}\">\n\t\t\t\t\t\t<div class=\"elementor-container elementor-column-gap-default\">\n\t\t\t\t\t<div class=\"elementor-column elementor-col-50 elementor-top-column elementor-element elementor-element-1ce27260 min-height border-top-left-radius\" data-id=\"1ce27260\" data-element_type=\"column\" data-settings=\"{&quot;background_background&quot;:&quot;classic&quot;}\">\n\t\t\t<div class=\"elementor-widget-wrap\">\n\t\t\t\t\t\t\t\t\t<\/div>\n\t\t<\/div>\n\t\t\t\t<div class=\"elementor-column elementor-col-50 elementor-top-column elementor-element elementor-element-2060727e border-top-right-radius\" data-id=\"2060727e\" data-element_type=\"column\" data-settings=\"{&quot;background_background&quot;:&quot;classic&quot;}\">\n\t\t\t<div class=\"elementor-widget-wrap elementor-element-populated\">\n\t\t\t\t\t\t\t\t<div class=\"elementor-element elementor-element-164788cb elementor-widget elementor-widget-heading\" data-id=\"164788cb\" data-element_type=\"widget\" data-widget_type=\"heading.default\">\n\t\t\t\t<div class=\"elementor-widget-container\">\n\t\t\t<h3 class=\"elementor-heading-title elementor-size-xl\">Tiemaksut<\/h3>\t\t<\/div>\n\t\t\t\t<\/div>\n\t\t\t\t<div class=\"elementor-element elementor-element-6f624989 part elementor-widget elementor-widget-text-editor\" data-id=\"6f624989\" data-element_type=\"widget\" data-widget_type=\"text-editor.default\">\n\t\t\t\t<div class=\"elementor-widget-container\">\n\t\t\t\t\t\t\t<p>Tiemaksuja k\u00e4ytet\u00e4\u00e4n infrastruktuurin, terveyden ja ymp\u00e4rist\u00f6n parantamiseksi.<\/p>\n\t\t\t\t\t\t<\/div>\n\t\t\t\t<\/div>\n\t\t\t\t<div class=\"elementor-element elementor-element-410c1ab5 bottom elementor-widget elementor-widget-text-editor\" data-id=\"410c1ab5\" data-element_type=\"widget\" data-widget_type=\"text-editor.default\">\n\t\t\t\t<div class=\"elementor-widget-container\">\n\t\t\t\t\t\t\t<p><a class=\"btn btn-primary\" title=\"Lue lis\u00e4\u00e4\" href=\"https:\/\/www.epass24.com\/fi\/tiemaksut\/\">Lue lis\u00e4\u00e4<\/a><\/p>\n\t\t\t\t\t\t<\/div>\n\t\t\t\t<\/div>\n\t\t\t\t\t<\/div>\n\t\t<\/div>\n\t\t\t\t\t\t\t<\/div>\n\t\t<\/section>\n\t\t\t\t<section class=\"elementor-section elementor-top-section elementor-element elementor-element-5af6a7ea has-padding elementor-section-content-middle elementor-section-boxed elementor-section-height-default elementor-section-height-default\" data-id=\"5af6a7ea\" data-element_type=\"section\" data-settings=\"{&quot;background_background&quot;:&quot;classic&quot;}\">\n\t\t\t\t\t\t<div class=\"elementor-container elementor-column-gap-default\">\n\t\t\t\t\t<div class=\"elementor-column elementor-col-50 elementor-top-column elementor-element elementor-element-69a07202 border-bottom-left-radius\" data-id=\"69a07202\" data-element_type=\"column\" data-settings=\"{&quot;background_background&quot;:&quot;classic&quot;}\">\n\t\t\t<div class=\"elementor-widget-wrap elementor-element-populated\">\n\t\t\t\t\t\t\t\t<div class=\"elementor-element elementor-element-45c6c1ee elementor-widget elementor-widget-heading\" data-id=\"45c6c1ee\" data-element_type=\"widget\" data-widget_type=\"heading.default\">\n\t\t\t\t<div class=\"elementor-widget-container\">\n\t\t\t<h3 class=\"elementor-heading-title elementor-size-large\">Tiemaksupalvelutoiminnan harjoittajat<\/h3>\t\t<\/div>\n\t\t\t\t<\/div>\n\t\t\t\t<div class=\"elementor-element elementor-element-49136d06 part elementor-widget elementor-widget-text-editor\" data-id=\"49136d06\" data-element_type=\"widget\" data-widget_type=\"text-editor.default\">\n\t\t\t\t<div class=\"elementor-widget-container\">\n\t\t\t\t\t\t\t<p>Tiemaksuja on eri muodoissa useimmissa Euroopan maissa. Niit\u00e4 hallinnoivat ja k\u00e4sittelev\u00e4t kansalliset ja kansainv\u00e4liset tienpit\u00e4j\u00e4t. <\/p>\n\t\t\t\t\t\t<\/div>\n\t\t\t\t<\/div>\n\t\t\t\t<div class=\"elementor-element elementor-element-5aaa0691 bottom elementor-widget elementor-widget-text-editor\" data-id=\"5aaa0691\" data-element_type=\"widget\" data-widget_type=\"text-editor.default\">\n\t\t\t\t<div class=\"elementor-widget-container\">\n\t\t\t\t\t\t\t<p><a class=\"btn btn-primary\" title=\"Lue lis\u00e4\u00e4\" href=\"https:\/\/www.epass24.com\/fi\/the-toll-operators\/\">Lue lis\u00e4\u00e4<\/a><\/p>\n\t\t\t\t\t\t<\/div>\n\t\t\t\t<\/div>\n\t\t\t\t\t<\/div>\n\t\t<\/div>\n\t\t\t\t<div class=\"elementor-column elementor-col-50 elementor-top-column elementor-element elementor-element-16706438 order min-height border-bottom-right-radius\" data-id=\"16706438\" data-element_type=\"column\" data-settings=\"{&quot;background_background&quot;:&quot;classic&quot;}\">\n\t\t\t<div class=\"elementor-widget-wrap\">\n\t\t\t\t\t\t\t\t\t<\/div>\n\t\t<\/div>\n\t\t\t\t\t\t\t<\/div>\n\t\t<\/section>\n\t\t\t\t\t\t\t<\/div>\n\t\t","protected":false},"excerpt":{"rendered":"<p>Maksa tiemaksusi Epass 24 -palvelulla Tiemaksut Ruotsissa ja Norjassa Ruotsissa ja Norjassa kaikkien ajoneuvojen, my\u00f6s ulkomaille rekister\u00f6ityjen, on maksettava tiemaksu. ANPR-j\u00e4rjestelm\u00e4 (Automatic Number Plate Recognition System) rekister\u00f6i tieverkon l\u00e4pi kulkevan ajoneuvon automaattisesti. Epass 24 -palvelua k\u00e4ytt\u00e4v\u00e4t kaikki tienpit\u00e4j\u00e4t Ruotsissa ja Norjassa tiemaksujen maksamisen helpottamiseksi. Jos ajoneuvosi on rekister\u00f6ity Ruotsiin, voit maksaa kaikki norjalaiset tiemaksusi automaattisesti [&hellip;]<\/p>\n","protected":false},"author":1,"featured_media":0,"parent":0,"menu_order":0,"comment_status":"closed","ping_status":"closed","template":"","meta":{"inline_featured_image":false},"acf":[],"_links":{"self":[{"href":"https:\/\/www.epass24.com\/fi\/wp-json\/wp\/v2\/pages\/2682"}],"collection":[{"href":"https:\/\/www.epass24.com\/fi\/wp-json\/wp\/v2\/pages"}],"about":[{"href":"https:\/\/www.epass24.com\/fi\/wp-json\/wp\/v2\/types\/page"}],"author":[{"embeddable":true,"href":"https:\/\/www.epass24.com\/fi\/wp-json\/wp\/v2\/users\/1"}],"replies":[{"embeddable":true,"href":"https:\/\/www.epass24.com\/fi\/wp-json\/wp\/v2\/comments?post=2682"}],"version-history":[{"count":6,"href":"https:\/\/www.epass24.com\/fi\/wp-json\/wp\/v2\/pages\/2682\/revisions"}],"predecessor-version":[{"id":6922,"href":"https:\/\/www.epass24.com\/fi\/wp-json\/wp\/v2\/pages\/2682\/revisions\/6922"}],"wp:attachment":[{"href":"https:\/\/www.epass24.com\/fi\/wp-json\/wp\/v2\/media?parent=2682"}],"curies":[{"name":"wp","href":"https:\/\/api.w.org\/{rel}","templated":true}]}}