{"id":2578,"date":"2021-04-27T07:52:55","date_gmt":"2021-04-27T07:52:55","guid":{"rendered":"http:\/\/epass24.uncleserj.com\/redevances-routieres\/"},"modified":"2021-04-28T13:18:26","modified_gmt":"2021-04-28T13:18:26","slug":"redevances-routieres","status":"publish","type":"page","link":"https:\/\/www.epass24.com\/fr\/redevances-routieres\/","title":{"rendered":"Redevances routi\u00e8res"},"content":{"rendered":"\t\t<div data-elementor-type=\"wp-page\" data-elementor-id=\"2578\" class=\"elementor elementor-2578 elementor-754\">\n\t\t\t\t\t\t\t\t\t<section class=\"elementor-section elementor-top-section elementor-element elementor-element-28c921dc elementor-section-content-middle elementor-section-boxed elementor-section-height-default elementor-section-height-default\" data-id=\"28c921dc\" data-element_type=\"section\" id=\"hero\" data-settings=\"{&quot;background_background&quot;:&quot;classic&quot;}\">\n\t\t\t\t\t\t<div class=\"elementor-container elementor-column-gap-default\">\n\t\t\t\t\t<div class=\"elementor-column elementor-col-100 elementor-top-column elementor-element elementor-element-67173fed hero-wrapper\" data-id=\"67173fed\" data-element_type=\"column\">\n\t\t\t<div class=\"elementor-widget-wrap elementor-element-populated\">\n\t\t\t\t\t\t\t\t<div class=\"elementor-element elementor-element-4ed96da elementor-widget elementor-widget-heading\" data-id=\"4ed96da\" data-element_type=\"widget\" data-widget_type=\"heading.default\">\n\t\t\t\t<div class=\"elementor-widget-container\">\n\t\t\t<h1 class=\"elementor-heading-title elementor-size-default\">L\u2019infrastructure, la sant\u00e9 publique et notre environnement<\/h1>\t\t<\/div>\n\t\t\t\t<\/div>\n\t\t\t\t<div class=\"elementor-element elementor-element-e795277 elementor-widget elementor-widget-text-editor\" data-id=\"e795277\" data-element_type=\"widget\" data-widget_type=\"text-editor.default\">\n\t\t\t\t<div class=\"elementor-widget-container\">\n\t\t\t\t\t\t\t\t\t\t\t\t\t<\/div>\n\t\t\t\t<\/div>\n\t\t\t\t\t<\/div>\n\t\t<\/div>\n\t\t\t\t\t\t\t<\/div>\n\t\t<\/section>\n\t\t\t\t<section class=\"elementor-section elementor-top-section elementor-element elementor-element-3b2d26c8 elementor-section-boxed elementor-section-height-default elementor-section-height-default\" data-id=\"3b2d26c8\" data-element_type=\"section\" data-settings=\"{&quot;background_background&quot;:&quot;classic&quot;}\">\n\t\t\t\t\t\t<div class=\"elementor-container elementor-column-gap-default\">\n\t\t\t\t\t<div class=\"elementor-column elementor-col-100 elementor-top-column elementor-element elementor-element-718039d3\" data-id=\"718039d3\" data-element_type=\"column\">\n\t\t\t<div class=\"elementor-widget-wrap elementor-element-populated\">\n\t\t\t\t\t\t\t\t<section class=\"elementor-section elementor-inner-section elementor-element elementor-element-750eaf80 entry-content elementor-section-content-top elementor-section-boxed elementor-section-height-default elementor-section-height-default\" data-id=\"750eaf80\" data-element_type=\"section\" data-settings=\"{&quot;background_background&quot;:&quot;classic&quot;}\">\n\t\t\t\t\t\t<div class=\"elementor-container elementor-column-gap-default\">\n\t\t\t\t\t<div class=\"elementor-column elementor-col-50 elementor-inner-column elementor-element elementor-element-8f8ecd0 road\" data-id=\"8f8ecd0\" data-element_type=\"column\">\n\t\t\t<div class=\"elementor-widget-wrap elementor-element-populated\">\n\t\t\t\t\t\t\t\t<div class=\"elementor-element elementor-element-1bacc71 elementor-widget elementor-widget-heading\" data-id=\"1bacc71\" data-element_type=\"widget\" data-widget_type=\"heading.default\">\n\t\t\t\t<div class=\"elementor-widget-container\">\n\t\t\t<h2 class=\"elementor-heading-title elementor-size-default\">Pourquoi y a-t-il des redevances routi\u00e8res ?<\/h2>\t\t<\/div>\n\t\t\t\t<\/div>\n\t\t\t\t<div class=\"elementor-element elementor-element-759a5a8 elementor-widget elementor-widget-text-editor\" data-id=\"759a5a8\" data-element_type=\"widget\" data-widget_type=\"text-editor.default\">\n\t\t\t\t<div class=\"elementor-widget-container\">\n\t\t\t\t\t\t\t<p><span style=\"color: var( --e-global-color-secondary );\">Le principal motif de l\u2019introduction des p\u00e9ages et des redevances routi\u00e8res est le financement des investissements en infrastructure.\u00a0<br \/><\/span><span style=\"color: var( --e-global-color-secondary );\"><br \/>Certaines redevances, telles que la taxe d\u2019encombrement et les redevances mises en place dans les zones \u00e0 faible \u00e9mission ont pour but de r\u00e9duire la pollution atmosph\u00e9rique et les bouchons.\u00a0<br \/><\/span><span style=\"color: var( --e-global-color-secondary );\"><br \/>Toutes les redevances routi\u00e8res qui sont g\u00e9r\u00e9es par Epass24 sont d\u00e9livr\u00e9es par le syst\u00e8me ANPR (Automatic Number Plate Recognition). Les v\u00e9hicules sont automatiquement enregistr\u00e9s par une cam\u00e9ra au moment de leur passage \u00e0 un poste de contr\u00f4le et la facture est envoy\u00e9e a posteriori au propri\u00e9taire du v\u00e9hicule.<br \/><\/span><span style=\"color: var( --e-global-color-secondary );\"><br \/>Tout le monde n\u2019appr\u00e9cie pas les redevances routi\u00e8res, mais il est en m\u00eame temps important de se rappeler que ces redevances ont pour but d\u2019am\u00e9liorer la vie de tous les citoyens et de la soci\u00e9t\u00e9 en g\u00e9n\u00e9ral.<\/span><\/p>\n<p>\u00a0<\/p>\n\t\t\t\t\t\t<\/div>\n\t\t\t\t<\/div>\n\t\t\t\t<div class=\"elementor-element elementor-element-9910f75 elementor-widget elementor-widget-text-editor\" data-id=\"9910f75\" data-element_type=\"widget\" data-widget_type=\"text-editor.default\">\n\t\t\t\t<div class=\"elementor-widget-container\">\n\t\t\t\t\t\t\t<ul>\n<li><i class=\"fas fa-chevron-right\"><\/i>Taxes d&#8217;encombrement<\/li>\n<li><i class=\"fas fa-chevron-right\"><\/i>Taxes d&#8217;infrastructure<\/li>\n<li><i class=\"fas fa-chevron-right\"><\/i>P\u00e9ages<\/li>\n<li><i class=\"fas fa-chevron-right\"><\/i>Ponts \u00e0 p\u00e9age<\/li>\n<li><i class=\"fas fa-chevron-right\"><\/i>Zones \u00e0 faible \u00e9mission<\/li>\n<li><i class=\"fas fa-chevron-right\"><\/i>Vignette\n<\/li>\n<li><i class=\"fas fa-chevron-right\"><\/i>Travers\u00e9es par ferry<\/li>\n<\/ul>\n<p><img loading=\"lazy\" class=\"size-medium wp-image-156 alignright\" src=\"https:\/\/www.epass24.com\/wp-content\/uploads\/part-2-300x200.jpg\" alt=\"\" width=\"250\" height=\"250\" \/><\/p>\n\t\t\t\t\t\t<\/div>\n\t\t\t\t<\/div>\n\t\t\t\t\t<\/div>\n\t\t<\/div>\n\t\t\t\t<div class=\"elementor-column elementor-col-50 elementor-inner-column elementor-element elementor-element-4ce275b\" data-id=\"4ce275b\" data-element_type=\"column\">\n\t\t\t<div class=\"elementor-widget-wrap elementor-element-populated\">\n\t\t\t\t\t\t\t\t<div class=\"elementor-element elementor-element-d3d3bce elementor-widget elementor-widget-image\" data-id=\"d3d3bce\" data-element_type=\"widget\" data-widget_type=\"image.default\">\n\t\t\t\t<div class=\"elementor-widget-container\">\n\t\t\t\t\t\t\t\t\t\t\t\t\t\t\t<img width=\"2500\" height=\"1820\" src=\"\/wp-content\/uploads\/road-1.svg\" class=\"attachment-full size-full wp-image-1583\" alt=\"\" loading=\"lazy\" \/>\t\t\t\t\t\t\t\t\t\t\t\t\t\t\t<\/div>\n\t\t\t\t<\/div>\n\t\t\t\t\t<\/div>\n\t\t<\/div>\n\t\t\t\t\t\t\t<\/div>\n\t\t<\/section>\n\t\t\t\t\t<\/div>\n\t\t<\/div>\n\t\t\t\t\t\t\t<\/div>\n\t\t<\/section>\n\t\t\t\t\t\t\t<\/div>\n\t\t","protected":false},"excerpt":{"rendered":"<p>L\u2019infrastructure, la sant\u00e9 publique et notre environnement Pourquoi y a-t-il des redevances routi\u00e8res ? Le principal motif de l\u2019introduction des p\u00e9ages et des redevances routi\u00e8res est le financement des investissements en infrastructure.\u00a0 Certaines redevances, telles que la taxe d\u2019encombrement et les redevances mises en place dans les zones \u00e0 faible \u00e9mission ont pour but de [&hellip;]<\/p>\n","protected":false},"author":1,"featured_media":0,"parent":0,"menu_order":0,"comment_status":"closed","ping_status":"closed","template":"","meta":{"inline_featured_image":false},"acf":[],"_links":{"self":[{"href":"https:\/\/www.epass24.com\/fr\/wp-json\/wp\/v2\/pages\/2578"}],"collection":[{"href":"https:\/\/www.epass24.com\/fr\/wp-json\/wp\/v2\/pages"}],"about":[{"href":"https:\/\/www.epass24.com\/fr\/wp-json\/wp\/v2\/types\/page"}],"author":[{"embeddable":true,"href":"https:\/\/www.epass24.com\/fr\/wp-json\/wp\/v2\/users\/1"}],"replies":[{"embeddable":true,"href":"https:\/\/www.epass24.com\/fr\/wp-json\/wp\/v2\/comments?post=2578"}],"version-history":[{"count":1,"href":"https:\/\/www.epass24.com\/fr\/wp-json\/wp\/v2\/pages\/2578\/revisions"}],"predecessor-version":[{"id":2579,"href":"https:\/\/www.epass24.com\/fr\/wp-json\/wp\/v2\/pages\/2578\/revisions\/2579"}],"wp:attachment":[{"href":"https:\/\/www.epass24.com\/fr\/wp-json\/wp\/v2\/media?parent=2578"}],"curies":[{"name":"wp","href":"https:\/\/api.w.org\/{rel}","templated":true}]}}