{"id":2533,"date":"2021-04-23T10:40:15","date_gmt":"2021-04-23T10:40:15","guid":{"rendered":"http:\/\/epass24.uncleserj.com\/asmens-duomenu-tvarkymo\/"},"modified":"2021-04-28T12:48:44","modified_gmt":"2021-04-28T12:48:44","slug":"asmens-duomenu-tvarkymo","status":"publish","type":"page","link":"https:\/\/www.epass24.com\/lt\/asmens-duomenu-tvarkymo\/","title":{"rendered":"Asmens duomen\u0173 tvarkymo"},"content":{"rendered":"\t\t<div data-elementor-type=\"wp-page\" data-elementor-id=\"2533\" class=\"elementor elementor-2533 elementor-882\">\n\t\t\t\t\t\t\t\t\t<section class=\"elementor-section elementor-top-section elementor-element elementor-element-7c9050e4 elementor-section-content-middle elementor-section-boxed elementor-section-height-default elementor-section-height-default\" data-id=\"7c9050e4\" data-element_type=\"section\" id=\"hero\" data-settings=\"{&quot;background_background&quot;:&quot;classic&quot;}\">\n\t\t\t\t\t\t<div class=\"elementor-container elementor-column-gap-default\">\n\t\t\t\t\t<div class=\"elementor-column elementor-col-100 elementor-top-column elementor-element elementor-element-344d68ce hero-wrapper\" data-id=\"344d68ce\" data-element_type=\"column\">\n\t\t\t<div class=\"elementor-widget-wrap elementor-element-populated\">\n\t\t\t\t\t\t\t\t<div class=\"elementor-element elementor-element-6cd7fb23 elementor-widget elementor-widget-heading\" data-id=\"6cd7fb23\" data-element_type=\"widget\" data-widget_type=\"heading.default\">\n\t\t\t\t<div class=\"elementor-widget-container\">\n\t\t\t<h1 class=\"elementor-heading-title elementor-size-default\">Mes grie\u017etai ribojame bet koki\u0105 prieig\u0105 prie j\u016bs\u0173 asmens duomen\u0173 ir saugome juos kaip \u012fmanoma geriau<\/h1>\t\t<\/div>\n\t\t\t\t<\/div>\n\t\t\t\t\t<\/div>\n\t\t<\/div>\n\t\t\t\t\t\t\t<\/div>\n\t\t<\/section>\n\t\t\t\t<section class=\"elementor-section elementor-top-section elementor-element elementor-element-704d7dfa elementor-section-boxed elementor-section-height-default elementor-section-height-default\" data-id=\"704d7dfa\" data-element_type=\"section\" data-settings=\"{&quot;background_background&quot;:&quot;classic&quot;}\">\n\t\t\t\t\t\t<div class=\"elementor-container elementor-column-gap-default\">\n\t\t\t\t\t<div class=\"elementor-column elementor-col-100 elementor-top-column elementor-element elementor-element-2ea26c61\" data-id=\"2ea26c61\" data-element_type=\"column\">\n\t\t\t<div class=\"elementor-widget-wrap elementor-element-populated\">\n\t\t\t\t\t\t\t\t<section class=\"elementor-section elementor-inner-section elementor-element elementor-element-462e640 entry-content elementor-section-boxed elementor-section-height-default elementor-section-height-default\" data-id=\"462e640\" data-element_type=\"section\" data-settings=\"{&quot;background_background&quot;:&quot;classic&quot;}\">\n\t\t\t\t\t\t<div class=\"elementor-container elementor-column-gap-default\">\n\t\t\t\t\t<div class=\"elementor-column elementor-col-50 elementor-inner-column elementor-element elementor-element-a0ca64f\" data-id=\"a0ca64f\" data-element_type=\"column\">\n\t\t\t<div class=\"elementor-widget-wrap elementor-element-populated\">\n\t\t\t\t\t\t\t\t<div class=\"elementor-element elementor-element-7eb6f5a elementor-widget elementor-widget-heading\" data-id=\"7eb6f5a\" data-element_type=\"widget\" data-widget_type=\"heading.default\">\n\t\t\t\t<div class=\"elementor-widget-container\">\n\t\t\t<h4 class=\"elementor-heading-title elementor-size-large\">Kas yra asmens duomenys?<\/h4>\t\t<\/div>\n\t\t\t\t<\/div>\n\t\t\t\t<div class=\"elementor-element elementor-element-bc605b8 elementor-widget elementor-widget-text-editor\" data-id=\"bc605b8\" data-element_type=\"widget\" data-widget_type=\"text-editor.default\">\n\t\t\t\t<div class=\"elementor-widget-container\">\n\t\t\t\t\t\t\t<p>Asmens duomenys yra informacija apie konkret\u0173 asmen\u012f, pavyzd\u017eiui, vardas, pavard\u0117, adresas, el. pa\u0161to adresas, banko s\u0105skaitos ir mok\u0117jimo kortel\u0117s duomenys.<\/p>\n<p>\u00a0<\/p>\n\t\t\t\t\t\t<\/div>\n\t\t\t\t<\/div>\n\t\t\t\t\t<\/div>\n\t\t<\/div>\n\t\t\t\t<div class=\"elementor-column elementor-col-50 elementor-inner-column elementor-element elementor-element-2590d6c\" data-id=\"2590d6c\" data-element_type=\"column\">\n\t\t\t<div class=\"elementor-widget-wrap elementor-element-populated\">\n\t\t\t\t\t\t\t\t<div class=\"elementor-element elementor-element-d7cdd6b elementor-widget elementor-widget-heading\" data-id=\"d7cdd6b\" data-element_type=\"widget\" data-widget_type=\"heading.default\">\n\t\t\t\t<div class=\"elementor-widget-container\">\n\t\t\t<h4 class=\"elementor-heading-title elementor-size-large\">Kiek laiko saugomi asmens duomenys?<\/h4>\t\t<\/div>\n\t\t\t\t<\/div>\n\t\t\t\t<div class=\"elementor-element elementor-element-1a2952d elementor-widget elementor-widget-text-editor\" data-id=\"1a2952d\" data-element_type=\"widget\" data-widget_type=\"text-editor.default\">\n\t\t\t\t<div class=\"elementor-widget-container\">\n\t\t\t\t\t\t\t<p>Asmens duomenis saugome tik Naudotojo (transporto priemon\u0117s savininko ir \u201eEpass24\u201c paskyros naudotojo) ir Kliento (keli\u0173 mokes\u010di\u0173 operatoriaus) nurodyt\u0105 laikotarp\u012f ir laikydamiesi atitinkam\u0173 teis\u0117s akt\u0173, toki\u0173 kaip Bendrasis duomen\u0173 apsaugos reglamentas (BDAR), bet juo neapsiribojant.<\/p><\/p>\n\t\t\t\t\t\t<\/div>\n\t\t\t\t<\/div>\n\t\t\t\t\t<\/div>\n\t\t<\/div>\n\t\t\t\t\t\t\t<\/div>\n\t\t<\/section>\n\t\t\t\t<section class=\"elementor-section elementor-inner-section elementor-element elementor-element-208feef inner-content elementor-section-boxed elementor-section-height-default elementor-section-height-default\" data-id=\"208feef\" data-element_type=\"section\" data-settings=\"{&quot;background_background&quot;:&quot;classic&quot;}\">\n\t\t\t\t\t\t<div class=\"elementor-container elementor-column-gap-default\">\n\t\t\t\t\t<div class=\"elementor-column elementor-col-50 elementor-inner-column elementor-element elementor-element-73b3354\" data-id=\"73b3354\" data-element_type=\"column\">\n\t\t\t<div class=\"elementor-widget-wrap elementor-element-populated\">\n\t\t\t\t\t\t\t\t<div class=\"elementor-element elementor-element-a1b0cfd elementor-widget elementor-widget-heading\" data-id=\"a1b0cfd\" data-element_type=\"widget\" data-widget_type=\"heading.default\">\n\t\t\t\t<div class=\"elementor-widget-container\">\n\t\t\t<h4 class=\"elementor-heading-title elementor-size-large\">Kokius duomenis tvarkome?<\/h4>\t\t<\/div>\n\t\t\t\t<\/div>\n\t\t\t\t<div class=\"elementor-element elementor-element-47ddbce elementor-widget elementor-widget-text-editor\" data-id=\"47ddbce\" data-element_type=\"widget\" data-widget_type=\"text-editor.default\">\n\t\t\t\t<div class=\"elementor-widget-container\">\n\t\t\t\t\t\t\t<p>Mes tvarkome \u0161i\u0173 kategorij\u0173 asmens duomenis: (i) vardas ir pavard\u0117 (pvz., registruotos transporto priemon\u0117s valdytojo vardas ir pavard\u0117), (ii) adresas (pvz., registruotos transporto priemon\u0117s valdytojo adresas), (iii) el. pa\u0161to adresas, (iv) i\u0161sam\u016bs mok\u0117jimo kortel\u0117s duomenys, (v) transporto priemon\u0117s modelis ir registracijos numeris, (vi) i\u0161sami informacija apie keli\u0173 naudotojo mokes\u010dius (\u012fskaitant nuotraukas).<\/p><\/p>\n\t\t\t\t\t\t<\/div>\n\t\t\t\t<\/div>\n\t\t\t\t\t<\/div>\n\t\t<\/div>\n\t\t\t\t<div class=\"elementor-column elementor-col-50 elementor-inner-column elementor-element elementor-element-dfa3b88\" data-id=\"dfa3b88\" data-element_type=\"column\">\n\t\t\t<div class=\"elementor-widget-wrap elementor-element-populated\">\n\t\t\t\t\t\t\t\t<div class=\"elementor-element elementor-element-eaa1499 elementor-widget elementor-widget-heading\" data-id=\"eaa1499\" data-element_type=\"widget\" data-widget_type=\"heading.default\">\n\t\t\t\t<div class=\"elementor-widget-container\">\n\t\t\t<h4 class=\"elementor-heading-title elementor-size-large\">Ar dalijam\u0117s duomenimis?<\/h4>\t\t<\/div>\n\t\t\t\t<\/div>\n\t\t\t\t<div class=\"elementor-element elementor-element-c6ac4a1 elementor-widget elementor-widget-text-editor\" data-id=\"c6ac4a1\" data-element_type=\"widget\" data-widget_type=\"text-editor.default\">\n\t\t\t\t<div class=\"elementor-widget-container\">\n\t\t\t\t\t\t\t<p>Kad gal\u0117tume tvarkyti asmens duomenis, bendradarbiaujame su pagalbiniais duomen\u0173 tvarkytojais, tokiais kaip pa\u0161to tarnybos ir skol\u0173 i\u0161ie\u0161kojimo partneriai, kurie veikia m\u016bs\u0173 vardu, kad i\u0161ie\u0161kot\u0173 nesumok\u0117tas skolas.<\/p>\n\t\t\t\t\t\t<\/div>\n\t\t\t\t<\/div>\n\t\t\t\t\t<\/div>\n\t\t<\/div>\n\t\t\t\t\t\t\t<\/div>\n\t\t<\/section>\n\t\t\t\t<section class=\"elementor-section elementor-inner-section elementor-element elementor-element-d206618 inner-content elementor-section-boxed elementor-section-height-default elementor-section-height-default\" data-id=\"d206618\" data-element_type=\"section\" data-settings=\"{&quot;background_background&quot;:&quot;classic&quot;}\">\n\t\t\t\t\t\t<div class=\"elementor-container elementor-column-gap-default\">\n\t\t\t\t\t<div class=\"elementor-column elementor-col-100 elementor-inner-column elementor-element elementor-element-fdf6423\" data-id=\"fdf6423\" data-element_type=\"column\">\n\t\t\t<div class=\"elementor-widget-wrap elementor-element-populated\">\n\t\t\t\t\t\t\t\t<div class=\"elementor-element elementor-element-eaf5bdd elementor-widget elementor-widget-text-editor\" data-id=\"eaf5bdd\" data-element_type=\"widget\" data-widget_type=\"text-editor.default\">\n\t\t\t\t<div class=\"elementor-widget-container\">\n\t\t\t\t\t\t\t<p style=\"text-align: center;\"><i>Jei turite klausim\u0173 apie asmens duomen\u0173 tvarkym\u0105, perskaitykite m\u016bs\u0173 duomen\u0173 apsaugos politik\u0105 arba para\u0161ykite mums el. pa\u0161tu: support@epass24.com<\/i><\/p>\n\t\t\t\t\t\t<\/div>\n\t\t\t\t<\/div>\n\t\t\t\t\t<\/div>\n\t\t<\/div>\n\t\t\t\t\t\t\t<\/div>\n\t\t<\/section>\n\t\t\t\t\t<\/div>\n\t\t<\/div>\n\t\t\t\t\t\t\t<\/div>\n\t\t<\/section>\n\t\t\t\t\t\t\t<\/div>\n\t\t","protected":false},"excerpt":{"rendered":"<p>Mes grie\u017etai ribojame bet koki\u0105 prieig\u0105 prie j\u016bs\u0173 asmens duomen\u0173 ir saugome juos kaip \u012fmanoma geriau Kas yra asmens duomenys? Asmens duomenys yra informacija apie konkret\u0173 asmen\u012f, pavyzd\u017eiui, vardas, pavard\u0117, adresas, el. pa\u0161to adresas, banko s\u0105skaitos ir mok\u0117jimo kortel\u0117s duomenys. \u00a0 Kiek laiko saugomi asmens duomenys? Asmens duomenis saugome tik Naudotojo (transporto priemon\u0117s savininko ir [&hellip;]<\/p>\n","protected":false},"author":1,"featured_media":0,"parent":0,"menu_order":0,"comment_status":"closed","ping_status":"closed","template":"","meta":{"inline_featured_image":false},"acf":[],"_links":{"self":[{"href":"https:\/\/www.epass24.com\/lt\/wp-json\/wp\/v2\/pages\/2533"}],"collection":[{"href":"https:\/\/www.epass24.com\/lt\/wp-json\/wp\/v2\/pages"}],"about":[{"href":"https:\/\/www.epass24.com\/lt\/wp-json\/wp\/v2\/types\/page"}],"author":[{"embeddable":true,"href":"https:\/\/www.epass24.com\/lt\/wp-json\/wp\/v2\/users\/1"}],"replies":[{"embeddable":true,"href":"https:\/\/www.epass24.com\/lt\/wp-json\/wp\/v2\/comments?post=2533"}],"version-history":[{"count":1,"href":"https:\/\/www.epass24.com\/lt\/wp-json\/wp\/v2\/pages\/2533\/revisions"}],"predecessor-version":[{"id":2534,"href":"https:\/\/www.epass24.com\/lt\/wp-json\/wp\/v2\/pages\/2533\/revisions\/2534"}],"wp:attachment":[{"href":"https:\/\/www.epass24.com\/lt\/wp-json\/wp\/v2\/media?parent=2533"}],"curies":[{"name":"wp","href":"https:\/\/api.w.org\/{rel}","templated":true}]}}