{"id":2632,"date":"2021-04-28T08:53:05","date_gmt":"2021-04-28T08:53:05","guid":{"rendered":"http:\/\/epass24.uncleserj.com\/handling-of-personal-data\/"},"modified":"2021-04-28T12:48:14","modified_gmt":"2021-04-28T12:48:14","slug":"handling-of-personal-data","status":"publish","type":"page","link":"https:\/\/www.epass24.com\/pt-pt\/handling-of-personal-data\/","title":{"rendered":"Handling of personal data"},"content":{"rendered":"\t\t<div data-elementor-type=\"wp-page\" data-elementor-id=\"2632\" class=\"elementor elementor-2632 elementor-882\">\n\t\t\t\t\t\t\t\t\t<section class=\"elementor-section elementor-top-section elementor-element elementor-element-7c9050e4 elementor-section-content-middle elementor-section-boxed elementor-section-height-default elementor-section-height-default\" data-id=\"7c9050e4\" data-element_type=\"section\" id=\"hero\" data-settings=\"{&quot;background_background&quot;:&quot;classic&quot;}\">\n\t\t\t\t\t\t<div class=\"elementor-container elementor-column-gap-default\">\n\t\t\t\t\t<div class=\"elementor-column elementor-col-100 elementor-top-column elementor-element elementor-element-344d68ce hero-wrapper\" data-id=\"344d68ce\" data-element_type=\"column\">\n\t\t\t<div class=\"elementor-widget-wrap elementor-element-populated\">\n\t\t\t\t\t\t\t\t<div class=\"elementor-element elementor-element-6cd7fb23 elementor-widget elementor-widget-heading\" data-id=\"6cd7fb23\" data-element_type=\"widget\" data-widget_type=\"heading.default\">\n\t\t\t\t<div class=\"elementor-widget-container\">\n\t\t\t<h1 class=\"elementor-heading-title elementor-size-default\">Limitamos estritamente qualquer acesso aos seus dados pessoais e os protegemos com as melhores das nossas capacidades.<\/h1>\t\t<\/div>\n\t\t\t\t<\/div>\n\t\t\t\t\t<\/div>\n\t\t<\/div>\n\t\t\t\t\t\t\t<\/div>\n\t\t<\/section>\n\t\t\t\t<section class=\"elementor-section elementor-top-section elementor-element elementor-element-704d7dfa elementor-section-boxed elementor-section-height-default elementor-section-height-default\" data-id=\"704d7dfa\" data-element_type=\"section\" data-settings=\"{&quot;background_background&quot;:&quot;classic&quot;}\">\n\t\t\t\t\t\t<div class=\"elementor-container elementor-column-gap-default\">\n\t\t\t\t\t<div class=\"elementor-column elementor-col-100 elementor-top-column elementor-element elementor-element-2ea26c61\" data-id=\"2ea26c61\" data-element_type=\"column\">\n\t\t\t<div class=\"elementor-widget-wrap elementor-element-populated\">\n\t\t\t\t\t\t\t\t<section class=\"elementor-section elementor-inner-section elementor-element elementor-element-462e640 entry-content elementor-section-boxed elementor-section-height-default elementor-section-height-default\" data-id=\"462e640\" data-element_type=\"section\" data-settings=\"{&quot;background_background&quot;:&quot;classic&quot;}\">\n\t\t\t\t\t\t<div class=\"elementor-container elementor-column-gap-default\">\n\t\t\t\t\t<div class=\"elementor-column elementor-col-50 elementor-inner-column elementor-element elementor-element-a0ca64f\" data-id=\"a0ca64f\" data-element_type=\"column\">\n\t\t\t<div class=\"elementor-widget-wrap elementor-element-populated\">\n\t\t\t\t\t\t\t\t<div class=\"elementor-element elementor-element-7eb6f5a elementor-widget elementor-widget-heading\" data-id=\"7eb6f5a\" data-element_type=\"widget\" data-widget_type=\"heading.default\">\n\t\t\t\t<div class=\"elementor-widget-container\">\n\t\t\t<h4 class=\"elementor-heading-title elementor-size-large\">O que s\u00e3o dados pessoais?<\/h4>\t\t<\/div>\n\t\t\t\t<\/div>\n\t\t\t\t<div class=\"elementor-element elementor-element-bc605b8 elementor-widget elementor-widget-text-editor\" data-id=\"bc605b8\" data-element_type=\"widget\" data-widget_type=\"text-editor.default\">\n\t\t\t\t<div class=\"elementor-widget-container\">\n\t\t\t\t\t\t\t<p>Os dados pessoais s\u00e3o informa\u00e7\u00f5es vinculadas a um indiv\u00edduo. Isso pode, por exemplo, incluir o nome de um indiv\u00edduo, endere\u00e7o, endere\u00e7o de e-mail, detalhes da conta banc\u00e1ria e detalhes do cart\u00e3o de pagamento.<\/p>\n<p>\u00a0<\/p>\n\t\t\t\t\t\t<\/div>\n\t\t\t\t<\/div>\n\t\t\t\t\t<\/div>\n\t\t<\/div>\n\t\t\t\t<div class=\"elementor-column elementor-col-50 elementor-inner-column elementor-element elementor-element-2590d6c\" data-id=\"2590d6c\" data-element_type=\"column\">\n\t\t\t<div class=\"elementor-widget-wrap elementor-element-populated\">\n\t\t\t\t\t\t\t\t<div class=\"elementor-element elementor-element-d7cdd6b elementor-widget elementor-widget-heading\" data-id=\"d7cdd6b\" data-element_type=\"widget\" data-widget_type=\"heading.default\">\n\t\t\t\t<div class=\"elementor-widget-container\">\n\t\t\t<h4 class=\"elementor-heading-title elementor-size-large\">Por quanto tempo os dados s\u00e3o armazenados?<\/h4>\t\t<\/div>\n\t\t\t\t<\/div>\n\t\t\t\t<div class=\"elementor-element elementor-element-1a2952d elementor-widget elementor-widget-text-editor\" data-id=\"1a2952d\" data-element_type=\"widget\" data-widget_type=\"text-editor.default\">\n\t\t\t\t<div class=\"elementor-widget-container\">\n\t\t\t\t\t\t\t<p>N\u00f3s apenas retemos dados pessoais por um per\u00edodo especificado pelo Cliente (O Propriet\u00e1rio do Ve\u00edculo \/ usu\u00e1rio da conta Epass24), o Cliente (O Operador de Portagem) e de acordo com a legisla\u00e7\u00e3o pertinente, tal como, mas n\u00e3o se limitando ao Regulamento Geral sobre Prote\u00e7\u00e3o de Dados (\u201cRGPD\u201d).<\/p><\/p>\n\t\t\t\t\t\t<\/div>\n\t\t\t\t<\/div>\n\t\t\t\t\t<\/div>\n\t\t<\/div>\n\t\t\t\t\t\t\t<\/div>\n\t\t<\/section>\n\t\t\t\t<section class=\"elementor-section elementor-inner-section elementor-element elementor-element-208feef inner-content elementor-section-boxed elementor-section-height-default elementor-section-height-default\" data-id=\"208feef\" data-element_type=\"section\" data-settings=\"{&quot;background_background&quot;:&quot;classic&quot;}\">\n\t\t\t\t\t\t<div class=\"elementor-container elementor-column-gap-default\">\n\t\t\t\t\t<div class=\"elementor-column elementor-col-50 elementor-inner-column elementor-element elementor-element-73b3354\" data-id=\"73b3354\" data-element_type=\"column\">\n\t\t\t<div class=\"elementor-widget-wrap elementor-element-populated\">\n\t\t\t\t\t\t\t\t<div class=\"elementor-element elementor-element-a1b0cfd elementor-widget elementor-widget-heading\" data-id=\"a1b0cfd\" data-element_type=\"widget\" data-widget_type=\"heading.default\">\n\t\t\t\t<div class=\"elementor-widget-container\">\n\t\t\t<h4 class=\"elementor-heading-title elementor-size-large\">Que dados processamos?<\/h4>\t\t<\/div>\n\t\t\t\t<\/div>\n\t\t\t\t<div class=\"elementor-element elementor-element-47ddbce elementor-widget elementor-widget-text-editor\" data-id=\"47ddbce\" data-element_type=\"widget\" data-widget_type=\"text-editor.default\">\n\t\t\t\t<div class=\"elementor-widget-container\">\n\t\t\t\t\t\t\t<p>Processamos as seguintes categorias de dados pessoais: (i) nome (por exemplo, registo do propriet\u00e1rio de um ve\u00edculo), (ii) endere\u00e7o (por exemplo, do propriet\u00e1rio registado de um ve\u00edculo), (iii) endere\u00e7o de e-mail, (iv)  detalhes de cart\u00e3o de pagamento, (v) modelo do ve\u00edculo e n\u00famero de registo, e (vi) detalhes sobre as taxas de uso das vias rodovi\u00e1rias  (incluindo imagens).<\/p><\/p>\n\t\t\t\t\t\t<\/div>\n\t\t\t\t<\/div>\n\t\t\t\t\t<\/div>\n\t\t<\/div>\n\t\t\t\t<div class=\"elementor-column elementor-col-50 elementor-inner-column elementor-element elementor-element-dfa3b88\" data-id=\"dfa3b88\" data-element_type=\"column\">\n\t\t\t<div class=\"elementor-widget-wrap elementor-element-populated\">\n\t\t\t\t\t\t\t\t<div class=\"elementor-element elementor-element-eaa1499 elementor-widget elementor-widget-heading\" data-id=\"eaa1499\" data-element_type=\"widget\" data-widget_type=\"heading.default\">\n\t\t\t\t<div class=\"elementor-widget-container\">\n\t\t\t<h4 class=\"elementor-heading-title elementor-size-large\">Os dados compartilhados?<\/h4>\t\t<\/div>\n\t\t\t\t<\/div>\n\t\t\t\t<div class=\"elementor-element elementor-element-c6ac4a1 elementor-widget elementor-widget-text-editor\" data-id=\"c6ac4a1\" data-element_type=\"widget\" data-widget_type=\"text-editor.default\">\n\t\t\t\t<div class=\"elementor-widget-container\">\n\t\t\t\t\t\t\t<p>Usamos subprocessadores para realizar parte do processamento de dados pessoais. Exemplos de subprocessadores s\u00e3o distribuidores postais e parceiros de cobran\u00e7a de d\u00edvidas que agem em nosso nome para obter valores de d\u00edvidas pendentes.<\/p>\n\t\t\t\t\t\t<\/div>\n\t\t\t\t<\/div>\n\t\t\t\t\t<\/div>\n\t\t<\/div>\n\t\t\t\t\t\t\t<\/div>\n\t\t<\/section>\n\t\t\t\t<section class=\"elementor-section elementor-inner-section elementor-element elementor-element-d206618 inner-content elementor-section-boxed elementor-section-height-default elementor-section-height-default\" data-id=\"d206618\" data-element_type=\"section\" data-settings=\"{&quot;background_background&quot;:&quot;classic&quot;}\">\n\t\t\t\t\t\t<div class=\"elementor-container elementor-column-gap-default\">\n\t\t\t\t\t<div class=\"elementor-column elementor-col-100 elementor-inner-column elementor-element elementor-element-fdf6423\" data-id=\"fdf6423\" data-element_type=\"column\">\n\t\t\t<div class=\"elementor-widget-wrap elementor-element-populated\">\n\t\t\t\t\t\t\t\t<div class=\"elementor-element elementor-element-eaf5bdd elementor-widget elementor-widget-text-editor\" data-id=\"eaf5bdd\" data-element_type=\"widget\" data-widget_type=\"text-editor.default\">\n\t\t\t\t<div class=\"elementor-widget-container\">\n\t\t\t\t\t\t\t<p style=\"text-align: center;\"><i>Se voc\u00ea tiver quest\u00f5es adicionais sobre como lidamos com dados pessoais, consulte nossa Regulamento Geral sobre Prote\u00e7\u00e3o de Dados ou envie um e-mail para support@epass24.com.<\/i><\/p>\n\t\t\t\t\t\t<\/div>\n\t\t\t\t<\/div>\n\t\t\t\t\t<\/div>\n\t\t<\/div>\n\t\t\t\t\t\t\t<\/div>\n\t\t<\/section>\n\t\t\t\t\t<\/div>\n\t\t<\/div>\n\t\t\t\t\t\t\t<\/div>\n\t\t<\/section>\n\t\t\t\t\t\t\t<\/div>\n\t\t","protected":false},"excerpt":{"rendered":"<p>Limitamos estritamente qualquer acesso aos seus dados pessoais e os protegemos com as melhores das nossas capacidades. O que s\u00e3o dados pessoais? Os dados pessoais s\u00e3o informa\u00e7\u00f5es vinculadas a um indiv\u00edduo. Isso pode, por exemplo, incluir o nome de um indiv\u00edduo, endere\u00e7o, endere\u00e7o de e-mail, detalhes da conta banc\u00e1ria e detalhes do cart\u00e3o de pagamento. [&hellip;]<\/p>\n","protected":false},"author":1,"featured_media":0,"parent":0,"menu_order":0,"comment_status":"closed","ping_status":"closed","template":"","meta":{"inline_featured_image":false},"acf":[],"_links":{"self":[{"href":"https:\/\/www.epass24.com\/pt-pt\/wp-json\/wp\/v2\/pages\/2632"}],"collection":[{"href":"https:\/\/www.epass24.com\/pt-pt\/wp-json\/wp\/v2\/pages"}],"about":[{"href":"https:\/\/www.epass24.com\/pt-pt\/wp-json\/wp\/v2\/types\/page"}],"author":[{"embeddable":true,"href":"https:\/\/www.epass24.com\/pt-pt\/wp-json\/wp\/v2\/users\/1"}],"replies":[{"embeddable":true,"href":"https:\/\/www.epass24.com\/pt-pt\/wp-json\/wp\/v2\/comments?post=2632"}],"version-history":[{"count":1,"href":"https:\/\/www.epass24.com\/pt-pt\/wp-json\/wp\/v2\/pages\/2632\/revisions"}],"predecessor-version":[{"id":2633,"href":"https:\/\/www.epass24.com\/pt-pt\/wp-json\/wp\/v2\/pages\/2632\/revisions\/2633"}],"wp:attachment":[{"href":"https:\/\/www.epass24.com\/pt-pt\/wp-json\/wp\/v2\/media?parent=2632"}],"curies":[{"name":"wp","href":"https:\/\/api.w.org\/{rel}","templated":true}]}}