{"id":2251,"date":"2021-04-15T10:55:49","date_gmt":"2021-04-15T10:55:49","guid":{"rendered":"http:\/\/epass24.uncleserj.com\/vagavgifter\/"},"modified":"2021-04-29T13:31:13","modified_gmt":"2021-04-29T13:31:13","slug":"vagavgifter","status":"publish","type":"page","link":"https:\/\/www.epass24.com\/sv\/vagavgifter\/","title":{"rendered":"V\u00e4gavgifter"},"content":{"rendered":"\t\t<div data-elementor-type=\"wp-page\" data-elementor-id=\"2251\" class=\"elementor elementor-2251 elementor-754\">\n\t\t\t\t\t\t\t\t\t<section class=\"elementor-section elementor-top-section elementor-element elementor-element-28c921dc elementor-section-content-middle elementor-section-boxed elementor-section-height-default elementor-section-height-default\" data-id=\"28c921dc\" data-element_type=\"section\" id=\"hero\" data-settings=\"{&quot;background_background&quot;:&quot;classic&quot;}\">\n\t\t\t\t\t\t<div class=\"elementor-container elementor-column-gap-default\">\n\t\t\t\t\t<div class=\"elementor-column elementor-col-100 elementor-top-column elementor-element elementor-element-67173fed hero-wrapper\" data-id=\"67173fed\" data-element_type=\"column\">\n\t\t\t<div class=\"elementor-widget-wrap elementor-element-populated\">\n\t\t\t\t\t\t\t\t<div class=\"elementor-element elementor-element-4ed96da elementor-widget elementor-widget-heading\" data-id=\"4ed96da\" data-element_type=\"widget\" data-widget_type=\"heading.default\">\n\t\t\t\t<div class=\"elementor-widget-container\">\n\t\t\t<h1 class=\"elementor-heading-title elementor-size-default\">Infrastruktur, folkh\u00e4lsan och v\u00e5r milj\u00f6<\/h1>\t\t<\/div>\n\t\t\t\t<\/div>\n\t\t\t\t<div class=\"elementor-element elementor-element-e795277 elementor-widget elementor-widget-text-editor\" data-id=\"e795277\" data-element_type=\"widget\" data-widget_type=\"text-editor.default\">\n\t\t\t\t<div class=\"elementor-widget-container\">\n\t\t\t\t\t\t\t\t\t\t\t\t\t<\/div>\n\t\t\t\t<\/div>\n\t\t\t\t\t<\/div>\n\t\t<\/div>\n\t\t\t\t\t\t\t<\/div>\n\t\t<\/section>\n\t\t\t\t<section class=\"elementor-section elementor-top-section elementor-element elementor-element-3b2d26c8 elementor-section-boxed elementor-section-height-default elementor-section-height-default\" data-id=\"3b2d26c8\" data-element_type=\"section\" data-settings=\"{&quot;background_background&quot;:&quot;classic&quot;}\">\n\t\t\t\t\t\t<div class=\"elementor-container elementor-column-gap-default\">\n\t\t\t\t\t<div class=\"elementor-column elementor-col-100 elementor-top-column elementor-element elementor-element-718039d3\" data-id=\"718039d3\" data-element_type=\"column\">\n\t\t\t<div class=\"elementor-widget-wrap elementor-element-populated\">\n\t\t\t\t\t\t\t\t<section class=\"elementor-section elementor-inner-section elementor-element elementor-element-750eaf80 entry-content elementor-section-content-top elementor-section-boxed elementor-section-height-default elementor-section-height-default\" data-id=\"750eaf80\" data-element_type=\"section\" data-settings=\"{&quot;background_background&quot;:&quot;classic&quot;}\">\n\t\t\t\t\t\t<div class=\"elementor-container elementor-column-gap-default\">\n\t\t\t\t\t<div class=\"elementor-column elementor-col-50 elementor-inner-column elementor-element elementor-element-8f8ecd0 road\" data-id=\"8f8ecd0\" data-element_type=\"column\">\n\t\t\t<div class=\"elementor-widget-wrap elementor-element-populated\">\n\t\t\t\t\t\t\t\t<div class=\"elementor-element elementor-element-1bacc71 elementor-widget elementor-widget-heading\" data-id=\"1bacc71\" data-element_type=\"widget\" data-widget_type=\"heading.default\">\n\t\t\t\t<div class=\"elementor-widget-container\">\n\t\t\t<h2 class=\"elementor-heading-title elementor-size-default\">Varf\u00f6r finns v\u00e4gavgifter?<\/h2>\t\t<\/div>\n\t\t\t\t<\/div>\n\t\t\t\t<div class=\"elementor-element elementor-element-759a5a8 elementor-widget elementor-widget-text-editor\" data-id=\"759a5a8\" data-element_type=\"widget\" data-widget_type=\"text-editor.default\">\n\t\t\t\t<div class=\"elementor-widget-container\">\n\t\t\t\t\t\t\t<p><span style=\"color: var( --e-global-color-secondary );\">Den stora anledningen till inf\u00f6randet av v\u00e4gtullar och v\u00e4gavgifter \u00e4r f\u00f6r att finansiera satsningar p\u00e5 infrastruktur.<br \/>\n<\/span><span style=\"color: var( --e-global-color-secondary );\"><br \/>\nVissa avgifter, s\u00e5som tr\u00e4ngselskatter och avgifter relaterade till milj\u00f6zoner \u00e4r inf\u00f6rda i syfte att minska luftf\u00f6roreningar och trafikk\u00f6er.<br \/>\n<\/span><span style=\"color: var( --e-global-color-secondary );\"><br \/>\nAlla v\u00e4gavgifter som hanteras av Epass24 bygger p\u00e5 s\u00e5 kallade ANPR (Automatec Number Plate Recognition) system. Fordon registreras automatisk av en kamera vid passering genom en kontrollstation och faktureras fordons\u00e4garen efterhand.<br \/>\n<\/span><span style=\"color: var( --e-global-color-secondary );\"><br \/>\nDet \u00e4r inte alla som uppskattar v\u00e4gavgifter, men det \u00e4r samtidigt viktigt att komma ih\u00e5g att dessa avgifter syftar till att f\u00f6rb\u00e4ttra livet f\u00f6r alla medborgare och samh\u00e4llet i stort.<\/span><\/p>\n\t\t\t\t\t\t<\/div>\n\t\t\t\t<\/div>\n\t\t\t\t<div class=\"elementor-element elementor-element-9910f75 elementor-widget elementor-widget-text-editor\" data-id=\"9910f75\" data-element_type=\"widget\" data-widget_type=\"text-editor.default\">\n\t\t\t\t<div class=\"elementor-widget-container\">\n\t\t\t\t\t\t\t<ul>\n<li><i class=\"fas fa-chevron-right\"><\/i>Tr\u00e4ngselskatter<\/li>\n<li><i class=\"fas fa-chevron-right\"><\/i>Infrastrukturavgifter<\/li>\n<li><i class=\"fas fa-chevron-right\"><\/i>V\u00e4gtullar<\/li>\n<li><i class=\"fas fa-chevron-right\"><\/i>Broavgifter<\/li>\n<li><i class=\"fas fa-chevron-right\"><\/i>Milj\u00f6zoner<\/li>\n<li><i class=\"fas fa-chevron-right\"><\/i>Kilometerskatt<\/li>\n<li><i class=\"fas fa-chevron-right\"><\/i>F\u00e4rjepassager<\/li>\n<\/ul>\n<p><img loading=\"lazy\" class=\"size-medium wp-image-156 alignright\" src=\"https:\/\/www.epass24.com\/wp-content\/uploads\/part-2-300x200.jpg\" alt=\"\" width=\"250\" height=\"250\" \/><\/p>\n\t\t\t\t\t\t<\/div>\n\t\t\t\t<\/div>\n\t\t\t\t\t<\/div>\n\t\t<\/div>\n\t\t\t\t<div class=\"elementor-column elementor-col-50 elementor-inner-column elementor-element elementor-element-4ce275b\" data-id=\"4ce275b\" data-element_type=\"column\">\n\t\t\t<div class=\"elementor-widget-wrap elementor-element-populated\">\n\t\t\t\t\t\t\t\t<div class=\"elementor-element elementor-element-d3d3bce elementor-widget elementor-widget-image\" data-id=\"d3d3bce\" data-element_type=\"widget\" data-widget_type=\"image.default\">\n\t\t\t\t<div class=\"elementor-widget-container\">\n\t\t\t\t\t\t\t\t\t\t\t\t\t\t\t<img width=\"2500\" height=\"1820\" src=\"\/wp-content\/uploads\/road-1.svg\" class=\"attachment-full size-full wp-image-1583\" alt=\"\" loading=\"lazy\" \/>\t\t\t\t\t\t\t\t\t\t\t\t\t\t\t<\/div>\n\t\t\t\t<\/div>\n\t\t\t\t\t<\/div>\n\t\t<\/div>\n\t\t\t\t\t\t\t<\/div>\n\t\t<\/section>\n\t\t\t\t\t<\/div>\n\t\t<\/div>\n\t\t\t\t\t\t\t<\/div>\n\t\t<\/section>\n\t\t\t\t\t\t\t<\/div>\n\t\t","protected":false},"excerpt":{"rendered":"<p>Infrastruktur, folkh\u00e4lsan och v\u00e5r milj\u00f6 Varf\u00f6r finns v\u00e4gavgifter? Den stora anledningen till inf\u00f6randet av v\u00e4gtullar och v\u00e4gavgifter \u00e4r f\u00f6r att finansiera satsningar p\u00e5 infrastruktur. Vissa avgifter, s\u00e5som tr\u00e4ngselskatter och avgifter relaterade till milj\u00f6zoner \u00e4r inf\u00f6rda i syfte att minska luftf\u00f6roreningar och trafikk\u00f6er. Alla v\u00e4gavgifter som hanteras av Epass24 bygger p\u00e5 s\u00e5 kallade ANPR (Automatec Number [&hellip;]<\/p>\n","protected":false},"author":1,"featured_media":0,"parent":0,"menu_order":0,"comment_status":"closed","ping_status":"closed","template":"","meta":{"inline_featured_image":false},"acf":[],"_links":{"self":[{"href":"https:\/\/www.epass24.com\/sv\/wp-json\/wp\/v2\/pages\/2251"}],"collection":[{"href":"https:\/\/www.epass24.com\/sv\/wp-json\/wp\/v2\/pages"}],"about":[{"href":"https:\/\/www.epass24.com\/sv\/wp-json\/wp\/v2\/types\/page"}],"author":[{"embeddable":true,"href":"https:\/\/www.epass24.com\/sv\/wp-json\/wp\/v2\/users\/1"}],"replies":[{"embeddable":true,"href":"https:\/\/www.epass24.com\/sv\/wp-json\/wp\/v2\/comments?post=2251"}],"version-history":[{"count":36,"href":"https:\/\/www.epass24.com\/sv\/wp-json\/wp\/v2\/pages\/2251\/revisions"}],"predecessor-version":[{"id":4058,"href":"https:\/\/www.epass24.com\/sv\/wp-json\/wp\/v2\/pages\/2251\/revisions\/4058"}],"wp:attachment":[{"href":"https:\/\/www.epass24.com\/sv\/wp-json\/wp\/v2\/media?parent=2251"}],"curies":[{"name":"wp","href":"https:\/\/api.w.org\/{rel}","templated":true}]}}